{"id":4173,"date":"2015-10-01T16:40:47","date_gmt":"2015-10-01T14:40:47","guid":{"rendered":"https:\/\/dev.disc-partners.com\/shop\/five-behaviours-of-a-cohesive-team-cartes-a-emporter-lot-de-20\/"},"modified":"2023-06-05T16:26:42","modified_gmt":"2023-06-05T14:26:42","slug":"five-behaviours-of-a-cohesive-team-cartes-a-emporter-lot-de-20","status":"publish","type":"product","link":"https:\/\/disc-partners.com\/fr\/produits-disc\/boutique\/five-behaviours-of-a-cohesive-team-cartes-a-emporter-lot-de-20\/","title":{"rendered":"Cartes Five Behaviours \u00e0 emporter (lot de 20)"},"content":{"rendered":"<p>Les cartes Five Behaviours permettent \u00e0 vos \u00e9quipes de revoir, d&rsquo;assimiler et d&rsquo;appliquer ce qu&rsquo;elles ont appris au cours des sessions de formation. Fournissez aux participants des cartes de qualit\u00e9 qu&rsquo;ils pourront conserver pour revoir leur formation ou s&rsquo;y r\u00e9f\u00e9rer lors des r\u00e9unions d&rsquo;\u00e9quipe.<\/p>\n<p>Les cartes comportent d&rsquo;un c\u00f4t\u00e9 des questions stimulantes li\u00e9es \u00e0 l&rsquo;un des cinq comportements et de l&rsquo;autre des informations sur la mani\u00e8re dont DiSC peut vous aider \u00e0 d\u00e9velopper ce comportement.<\/p>\n<p>Conseil : ils sont \u00e9galement utiles \u00e0 l&rsquo;animateur pour se r\u00e9f\u00e9rer aux modules pr\u00e9c\u00e9dents ou pour appr\u00e9cier les diff\u00e9rents profils DiSC.<\/p>\n<p>20 cartes de chaque pour les modules Confiance, Conflit, Engagement, Responsabilit\u00e9 et R\u00e9sultats. (Achet\u00e9 en lot).<\/p>\n","protected":false},"excerpt":{"rendered":"<p>Les cartes Five Behaviours permettent \u00e0 vos \u00e9quipes de revoir, d&rsquo;assimiler et d&rsquo;appliquer ce qu&rsquo;elles ont appris au cours des sessions de formation. Fournissez aux participants des cartes de qualit\u00e9 qu&rsquo;ils pourront conserver pour revoir leur formation ou s&rsquo;y r\u00e9f\u00e9rer lors des r\u00e9unions d&rsquo;\u00e9quipe. Les cartes comportent d&rsquo;un c\u00f4t\u00e9 des questions stimulantes li\u00e9es \u00e0 l&rsquo;un [&hellip;]<\/p>\n","protected":false},"featured_media":9931,"template":"","meta":[],"product_brand":[],"product_cat":[2607,3857,151],"product_tag":[],"class_list":{"0":"post-4173","1":"product","2":"type-product","3":"status-publish","4":"has-post-thumbnail","6":"product_cat-cinq-comportements","7":"product_cat-efficacite-en-equipe","8":"product_cat-outils-de-formation","10":"first","11":"instock","12":"taxable","13":"shipping-taxable","14":"purchasable","15":"product-type-simple"},"_links":{"self":[{"href":"https:\/\/disc-partners.com\/fr\/wp-json\/wp\/v2\/product\/4173","targetHints":{"allow":["GET"]}}],"collection":[{"href":"https:\/\/disc-partners.com\/fr\/wp-json\/wp\/v2\/product"}],"about":[{"href":"https:\/\/disc-partners.com\/fr\/wp-json\/wp\/v2\/types\/product"}],"wp:featuredmedia":[{"embeddable":true,"href":"https:\/\/disc-partners.com\/fr\/wp-json\/wp\/v2\/media\/9931"}],"wp:attachment":[{"href":"https:\/\/disc-partners.com\/fr\/wp-json\/wp\/v2\/media?parent=4173"}],"wp:term":[{"taxonomy":"product_brand","embeddable":true,"href":"https:\/\/disc-partners.com\/fr\/wp-json\/wp\/v2\/product_brand?post=4173"},{"taxonomy":"product_cat","embeddable":true,"href":"https:\/\/disc-partners.com\/fr\/wp-json\/wp\/v2\/product_cat?post=4173"},{"taxonomy":"product_tag","embeddable":true,"href":"https:\/\/disc-partners.com\/fr\/wp-json\/wp\/v2\/product_tag?post=4173"}],"curies":[{"name":"wp","href":"https:\/\/api.w.org\/{rel}","templated":true}]}}