{"id":14190,"date":"2015-07-17T10:04:31","date_gmt":"2015-07-17T08:04:31","guid":{"rendered":"https:\/\/dev.disc-partners.com\/shop\/buy-everything-disc-work-of-leaders-profile\/"},"modified":"2023-06-06T10:27:09","modified_gmt":"2023-06-06T08:27:09","slug":"acheter-profil-everything-disc-work-of-leaders","status":"publish","type":"product","link":"https:\/\/disc-partners.com\/fr\/produits-disc\/boutique\/acheter-profil-everything-disc-work-of-leaders\/","title":{"rendered":"Profil Everything DiSC Work of Leaders"},"content":{"rendered":"<p><strong>Le r\u00f4le du leader en toute simplicit\u00e9: <\/strong>Vision, Alignement &amp; Execution<\/p>\n<p><strong>Utilisations<\/strong> : d\u00e9veloppement du leadership, coaching ex\u00e9cutif, Le profil relie les styles de leadership uniques aux demandes r\u00e9elles, ce qui permet une progression et une voie d&rsquo;action claire.<\/p>\n<p>D\u00e9couvrez votre style de leadership DiSC et apprenez un processus simple en trois \u00e9tapes pour vous aider \u00e0 aborder le travail fondamental des leaders : Vision, Alignement et Ex\u00e9cution. Bas\u00e9 sur les meilleures pratiques et quatre ann\u00e9es d&rsquo;efforts de d\u00e9veloppement, Work of Leaders se connecte \u00e0 votre r\u00e9alit\u00e9 et g\u00e9n\u00e8re des conversations puissantes qui encouragent \u00e0 comprendre vos propres styles de leadership et la fa\u00e7on dont ils influencent votre efficacit\u00e9.<\/p>\n<p><strong>Vue approfondie<\/strong><\/p>\n<p>Everything DiSC Work of Leaders aborde le leadership comme une relation d&rsquo;un \u00e0 plusieurs, par opposition \u00e0 la relation d&rsquo;un \u00e0 un du management. Elle se concentre sur des \u00e9tapes tangibles visant \u00e0 conduire un groupe ou une organisation vers les r\u00e9sultats souhait\u00e9s. Work of Leaders stimule constamment la r\u00e9flexion, les conversations et perspectives nouvelles, quelles que soient les connaissances ou l&rsquo;exp\u00e9rience du dirigeant.<\/p>\n<p><strong>Everything DiSC Work of Leaders couvre sp\u00e9cifiquement :<\/strong><\/p>\n<ul>\n<li>23 pages de r\u00e9sultats d&rsquo;\u00e9valuation hautement personnalis\u00e9s<\/li>\n<li>18 continuums comportementaux<\/li>\n<li>Des visuels forts qui illustrent les messages cl\u00e9s<\/li>\n<li>Retour d&rsquo;information sp\u00e9cifique au contexte<\/li>\n<li>Conseils et strat\u00e9gies pour am\u00e9liorer l&rsquo;efficacit\u00e9 du leadership<\/li>\n<li>\u00c9valuation en deux parties des styles de leadership<\/li>\n<\/ul>\n<p><strong>Outils suppl\u00e9mentaires<\/strong><br \/>\n<em>Plusieurs outils sont disponibles pour aller plus loin dans la mise en \u0153uvre et le transfert d&rsquo;apprentissage.<\/em><\/p>\n<p><strong>Rapports Everything DiSC Work of Leaders et de Facilitation :<\/strong><br \/>\nCon\u00e7us pour \u00eatre utilis\u00e9s exclusivement avec le Profil Everything DISC Work of Leaders, les rapports de groupe et de facilitation Work of Leaders rassemblent les donn\u00e9es des participants pour fournir une vue d&rsquo;ensemble synth\u00e9tique du groupe. Les graphiques illustrent l&rsquo;approche du groupe en mati\u00e8re de vision, d&rsquo;alignement et d&rsquo;ex\u00e9cution et permettent d&rsquo;explorer les forces et les d\u00e9fis globaux du groupe afin de cr\u00e9er un plan d&rsquo;action pour r\u00e9ussir.<\/p>\n<p><strong>Everything DiSC Supplement for Facilitators (Suppl\u00e9ment au DiSC pour les animateurs) :<\/strong><br \/>\nProcure des donn\u00e9es plus d\u00e9taill\u00e9es sur une \u00e9valuation Everything DiSC et aide \u00e0 faciliter une discussion plus riche sur le style DiSC d&rsquo;un r\u00e9pondant, y compris sur les \u00e9l\u00e9ments inattendus. Acc\u00e8s illimit\u00e9 \u00e0 tous les profils <em><span class=\"Superscript\">Everything DiSC<\/span><\/em>.<\/p>\n<p><strong>Everything DiSC Team View :<\/strong><br \/>\nFournit une vue d&rsquo;ensemble du groupe de r\u00e9pondants et des cartes DiSC de chacun d&rsquo;entre eux. Le nombre de r\u00e9pondants inclus dans le rapport n&rsquo;est pas limit\u00e9. Acc\u00e8s illimit\u00e9 \u00e0 tous les profils Everything DiSC.<\/p>\n<p><strong>Rapport de comparaison Everything DiSC :<\/strong><br \/>\n\u00c9tablir de meilleures relations et faire en sorte que la formation soit suivie ! Ces rapports de suivi de 10 pages, valid\u00e9s par la recherche, peuvent \u00eatre cr\u00e9\u00e9s pour deux participants quelconques afin d&rsquo;illustrer leurs similitudes et leurs diff\u00e9rences. Fonctionne pour tous les programmes Everything DiSC, y compris Management et Workplace, vous permettant de cr\u00e9er des rapports pour les coll\u00e8gues ou pour les managers avec leurs subordonn\u00e9s directs. Les participants b\u00e9n\u00e9ficient d&rsquo;un acc\u00e8s illimit\u00e9, sans frais suppl\u00e9mentaires.<\/p>\n<p><strong>Voir les exemples<\/strong><\/p>\n<p><a href=\"https:\/\/disc-partners.com\/documents\/everything_disc_test_work_of_leaders_facilitator_report_%20sample_en.pdf\" target=\"_blank\" rel=\"noopener noreferrer\">Exemple de rapport du facilitateur Work of Leaders<\/a><br \/>\n<a href=\"https:\/\/disc-partners.com\/documents\/everything_disc_test_work_of_leaders_supplement_for_facilitator_sample_en.pdf\" target=\"_blank\" rel=\"noopener noreferrer\">Exemple de suppl\u00e9ment pour les facilitateurs<\/a><br \/>\n<a href=\"https:\/\/disc-partners.com\/documents\/everything_disc_test_team_view_sample_en.pdf\" target=\"_blank\" rel=\"noopener noreferrer\">Exemple de rapport Team View<\/a><br \/>\n<a href=\"https:\/\/disc-partners.com\/documents\/everything_disc_test_work_of_leaders_group_report_sample_en.pdf\" target=\"_blank\" rel=\"noopener noreferrer\">Exemple de rapport de groupe Work of Leaders<br \/>\n<\/a><a href=\"https:\/\/disc-partners.com\/documents\/everything_disc_test_comparison_%20report_sample_en.pdf\" target=\"_blank\" rel=\"noopener noreferrer\">exemple de rapport de comparaison<\/a><\/p>\n<p>&nbsp;<\/p>\n<p>&nbsp;<\/p>\n","protected":false},"excerpt":{"rendered":"<p><strong>Le travail des dirigeants simplifi\u00e9<\/strong> : vision, alignement, ex\u00e9cution<\/p>\n<p><strong>Utilisations<\/strong> : d\u00e9veloppement du leadership, coaching ex\u00e9cutif. Relier les styles de leadership uniques aux demandes r\u00e9elles, permettre la progression et une voie d&rsquo;action claire.<\/p>\n<p><strong>Objectif<\/strong> : apprendre des meilleurs et comparer ses pr\u00e9f\u00e9rences aux meilleures pratiques<\/p>\n<ul>\n<li>R\u00e9sultat de quatre ann\u00e9es de recherche et d\u00e9veloppement<\/li>\n<li>Analyser et distiller les travaux d&rsquo;\u00e9minents chercheurs sur le leadership<\/li>\n<li>300 experts, 150 organisations<\/li>\n<li>Les meilleures pratiques en mati\u00e8re de leadership ont \u00e9t\u00e9 identifi\u00e9es<\/li>\n<\/ul>\n<p>En utilisant le cadre de la vision, de l&rsquo;alignement et de l&rsquo;ex\u00e9cution, Work of Leaders <strong>encourage les dirigeants<\/strong> \u00e0 comprendre leur propre comportement de leadership et la mani\u00e8re dont il influe sur leur <strong>efficacit\u00e9<\/strong>.<\/p>\n","protected":false},"featured_media":10802,"template":"","meta":[],"product_brand":[],"product_cat":[145,158],"product_tag":[],"class_list":{"0":"post-14190","1":"product","2":"type-product","3":"status-publish","4":"has-post-thumbnail","6":"product_cat-evaluations-profils","7":"product_cat-everything-disc-fr","9":"first","10":"instock","11":"taxable","12":"shipping-taxable","13":"purchasable","14":"product-type-variable","15":"has-default-attributes"},"_links":{"self":[{"href":"https:\/\/disc-partners.com\/fr\/wp-json\/wp\/v2\/product\/14190","targetHints":{"allow":["GET"]}}],"collection":[{"href":"https:\/\/disc-partners.com\/fr\/wp-json\/wp\/v2\/product"}],"about":[{"href":"https:\/\/disc-partners.com\/fr\/wp-json\/wp\/v2\/types\/product"}],"wp:featuredmedia":[{"embeddable":true,"href":"https:\/\/disc-partners.com\/fr\/wp-json\/wp\/v2\/media\/10802"}],"wp:attachment":[{"href":"https:\/\/disc-partners.com\/fr\/wp-json\/wp\/v2\/media?parent=14190"}],"wp:term":[{"taxonomy":"product_brand","embeddable":true,"href":"https:\/\/disc-partners.com\/fr\/wp-json\/wp\/v2\/product_brand?post=14190"},{"taxonomy":"product_cat","embeddable":true,"href":"https:\/\/disc-partners.com\/fr\/wp-json\/wp\/v2\/product_cat?post=14190"},{"taxonomy":"product_tag","embeddable":true,"href":"https:\/\/disc-partners.com\/fr\/wp-json\/wp\/v2\/product_tag?post=14190"}],"curies":[{"name":"wp","href":"https:\/\/api.w.org\/{rel}","templated":true}]}}