{"id":14131,"date":"2015-07-20T14:49:31","date_gmt":"2015-07-20T12:49:31","guid":{"rendered":"https:\/\/dev.disc-partners.com\/shop\/everything-disc-sales-facilitation-kit\/"},"modified":"2023-06-06T10:17:34","modified_gmt":"2023-06-06T08:17:34","slug":"kit-de-facilitation-everything-disc-sales","status":"publish","type":"product","link":"https:\/\/disc-partners.com\/fr\/produits-disc\/boutique\/kit-de-facilitation-everything-disc-sales\/","title":{"rendered":"Kit de facilitation Everything DiSC Sales"},"content":{"rendered":"<h2>Kit de facilitation Everything DiSC Sales :<\/h2>\n<p><strong>Faciliter les sessions de formation en utilisant les profils Everything DiSC Sales.<\/strong><\/p>\n<p>Pourquoi devriez-vous envisager ou acheter un kit de facilitation Everything DiSC Sales ? Vous pouvez envisager de le faire, m\u00eame s&rsquo;il n&rsquo;y a pas d&rsquo;obligation. Le kit de facilitation Everything DiSC Sales, propose le contenu de facilitation dont vous avez besoin pour animer en toute confiance une session de formation avec des participants qui ont pass\u00e9 une \u00e9valuation Everything DiSC Sales et qui souhaitent mieux comprendre le rapport de profil.<\/p>\n<p>Le kit d&rsquo;animation fournit aux formateurs, animateurs, consultants ou managers le contenu d&rsquo;apprentissage dont ils ont besoin pour animer une session d&rsquo;apprentissage. La certification du formateur n&rsquo;est pas obligatoire. Vous pouvez n\u00e9anmoins envisager de vous faire certifier, car cela vous procure les connaissances, les comp\u00e9tences et les r\u00e9f\u00e9rences qui vous aideront \u00e0 fournir des profils et des formations Everything DiSC Sales<sup>\u00ae<\/sup>.<\/p>\n<p>[mk_padding_divider][vc_column_inner width=\u00a0\u00bb1\/6&Prime;][mk_padding_divider size=\u00a0\u00bb20&Prime;][vc_row][vc_column][vc_tta_tabs active_section=\u00a0\u00bb1&Prime;][vc_tta_section title=\u00a0\u00bbFacilitation\u00a0\u00bb tab_id=\u00a0\u00bb1442753182206-de22d178-0eac6a82-bbda\u00a0\u00bb][vc_column_text]Le kit de facilitation Everything DiSC Sales comprend six modules de 50 minutes, enti\u00e8rement sc\u00e9naris\u00e9s avec des activit\u00e9s exp\u00e9rientielles et de traitement engageantes. Les notes du facilitateur donnent des conseils pour maximiser l&rsquo;apprentissage. Le kit peut \u00eatre facilement personnalis\u00e9 : remplacez les clips vid\u00e9o, modifiez la pr\u00e9sentation PowerPoint\u00ae, le guide de l&rsquo;animateur et les documents \u00e0 distribuer. Ajouter ou supprimer des sections pour s&rsquo;adapter \u00e0 n&rsquo;importe quel horaire.<\/p>\n<p>[\/vc_column_text][vc_message message_box_style=\u00a0\u00bbsolid\u00a0\u00bb style=\u00a0\u00bbsquare\u00a0\u00bb message_box_color=\u00a0\u00bbgrey\u00a0\u00bb icon_type=\u00a0\u00bbtypicons\u00a0\u00bb icon_typicons=\u00a0\u00bbtypcn typcn-chevron-right\u00a0\u00bb]<strong>Le kit de facilitation Everything DiSC Sales comprend les \u00e9l\u00e9ments suivants :<\/strong><\/p>\n<ul>\n<li>Guides de l&rsquo;animateur en MS Word<\/li>\n<li>PowerPoint avec vid\u00e9o int\u00e9gr\u00e9e<\/li>\n<li>Vid\u00e9o autonome, pilot\u00e9e par menu<\/li>\n<li>Documents pour les participants en MS Word<\/li>\n<li>Mod\u00e8les et images<\/li>\n<li>Exemple de profil Everything DiSC Sales<\/li>\n<li>Exemple de carte d&rsquo;interaction client Everything DiSC<\/li>\n<li>Documentation sur la recherche<\/li>\n<li>Jeu de cartes d&rsquo;activit\u00e9s pour l&rsquo;entretien de vente (pour 24 participants)<\/li>\n<li>Guides d&rsquo;interaction client Everything DiSC (pour 24 participants)<\/li>\n<li>Six modules de 50 minutes<\/li>\n<\/ul>\n<p>[\/vc_message][vc_column_text title=\u00a0\u00bbSection I : Comprendre votre style de vente DiSC\u00a0\u00bb disable_pattern=\u00a0\u00bbfalse\u00a0\u00bb]<strong>Module 1 :<\/strong> Introduction \u00e0 la carte de vente DiSC. <span style=\"line-height: 1.5;\">Les participants apprennent \u00e0 conna\u00eetre leur style de vente DiSC et comment leurs priorit\u00e9s personnelles influencent leurs comportements de vente.<\/span><\/p>\n<p><strong>Module 2 :<\/strong> Les participants utilisent ce qu&rsquo;ils ont appris sur les priorit\u00e9s en mati\u00e8re de vente dans le cadre d&rsquo;un entretien.[\/vc_column_text][vc_column_text title=\u00a0\u00bbSection II : Reconna\u00eetre et comprendre les styles d&rsquo;achat des clients\u00a0\u00bb disable_pattern=\u00a0\u00bbfalse\u00a0\u00bb]<strong>Module 3 :<\/strong> Les participants apprennent \u00e0 cartographier les clients, une nouvelle fa\u00e7on de lire les gens. Ils mettent en pratique leurs comp\u00e9tences en mati\u00e8re de cartographie des clients dans le cadre d&rsquo;une activit\u00e9 vid\u00e9o comp\u00e9titive.<\/p>\n<p><strong>Module 4 :<\/strong> Les participants apprennent \u00e0 conna\u00eetre les diff\u00e9rentes priorit\u00e9s des clients. Ils utilisent ensuite leurs nouvelles comp\u00e9tences pour identifier les styles d&rsquo;achat des clients actuels.[\/vc_column_text][vc_column_text title=\u00a0\u00bbSection III : Adapter votre style de vente au style d&rsquo;achat de votre client\u00a0\u00bb disable_pattern=\u00a0\u00bbfalse\u00a0\u00bb]<strong>Module 5 :<\/strong> Les participants utilisent leurs cartes de vente DiSC pour comprendre comment naviguer <span style=\"line-height: 1.5;\">de leur propre style \u00e0 celui des diff\u00e9rents types de clients.<\/span><\/p>\n<p><strong>Module 6 :<\/strong> Les participants jouent \u00e0 s&rsquo;adapter \u00e0 leur client le plus difficile et compl\u00e8tent un plan d&rsquo;interaction pour travailler avec ce client.[\/vc_column_text][vc_column_text]<strong>Voir les exemples<\/strong><\/p>\n<p><a href=\"https:\/\/www.everythingdisc.com\/EverythingDisc\/media\/EverythingDiscMediaLibrary\/Solutions\/Sales\/Modular%20Facilitation\/Everything-DiSC-Sales-Leader-s-Guide-sample.pdf\" target=\"_blank\" rel=\"noopener noreferrer nofollow\">Exemple de guide de l&rsquo;animateur<\/a><br \/>\n<a href=\"https:\/\/www.everythingdisc.com\/EverythingDisc\/media\/EverythingDiscMediaLibrary\/Solutions\/Sales\/Modular%20Facilitation\/EVERYTHING-DiSC-SALES-sample.ppsx\" target=\"_blank\" rel=\"noopener noreferrer nofollow\">Exemple de module de facilitation<\/a><a href=\"https:\/\/www.everythingdisc.com\/EverythingDisc\/media\/EverythingDiscMediaLibrary\/Solutions\/Sales\/Modular%20Facilitation\/Everything-DiSC-Sales_Program-Overview.pdf\" target=\"_blank\" rel=\"noopener noreferrer nofollow\"><br \/>\nAper\u00e7u du programme de vente<\/a><\/p>\n<p><em>Plusieurs outils sont disponibles pour aller plus loin dans la mise en \u0153uvre et le transfert d&rsquo;apprentissage.<\/em><\/p>\n<p><strong>Cartes d&rsquo;interaction Everything DiSC Sales :<\/strong><br \/>\nLes antis\u00e8ches personnalis\u00e9es parfaites pour pr\u00e9parer les visites de vente ! Ces rapports de suivi d&rsquo;une page aident les vendeurs \u00e0 adapter leur style aux besoins d&rsquo;un client en comparant leur style de vente au style d&rsquo;achat du client. Vous b\u00e9n\u00e9ficiez d&rsquo;un acc\u00e8s illimit\u00e9, sans frais suppl\u00e9mentaires.<\/p>\n<p><strong>Everything DiSC Supplement for Facilitators (Suppl\u00e9ment au DiSC pour les animateurs) :<\/strong><br \/>\nProcure des donn\u00e9es plus d\u00e9taill\u00e9es sur une \u00e9valuation Everything DiSC et aide \u00e0 faciliter une discussion plus riche sur le style DiSC d&rsquo;un r\u00e9pondant, y compris sur les \u00e9l\u00e9ments inattendus. Acc\u00e8s illimit\u00e9 \u00e0 tous les profils Everything DiSC.<\/p>\n<p><strong>Everything DiSC Team View :<\/strong><br \/>\nFournit une vue d&rsquo;ensemble du groupe de r\u00e9pondants et des cartes DiSC de chacun d&rsquo;entre eux. Le nombre de r\u00e9pondants inclus dans le rapport n&rsquo;est pas limit\u00e9. Acc\u00e8s illimit\u00e9 \u00e0 tous les profils Everything DiSC.<\/p>\n<p><strong>Rapport de comparaison Everything DiSC :<\/strong><br \/>\n\u00c9tablir de meilleures relations et faire en sorte que la formation soit suivie ! Ces rapports de suivi de 10 pages, valid\u00e9s par la recherche, peuvent \u00eatre cr\u00e9\u00e9s pour deux participants quelconques afin d&rsquo;illustrer leurs similitudes et leurs diff\u00e9rences.<\/p>\n<p><strong>Everything DiSC rapport du facilitateur :<\/strong><br \/>\nProcure une vue synth\u00e9tique des styles DiSC de votre groupe et des informations sur la fa\u00e7on dont les styles DiSC peuvent avoir un impact sur la culture de votre organisation. Inclut les noms et les styles de chaque participant. Vendu s\u00e9par\u00e9ment.<\/p>\n<p><strong>Rapport sur la culture de groupe DiSC :<\/strong><br \/>\nVous aide \u00e0 d\u00e9terminer la culture DiSC du groupe, \u00e0 explorer ses avantages et ses inconv\u00e9nients, \u00e0 discuter de son effet sur les membres du groupe et \u00e0 examiner son influence sur la prise de d\u00e9cision et la prise de risque. Vendu s\u00e9par\u00e9ment.[\/vc_column_text][vc_message message_box_style=\u00a0\u00bbsolid\u00a0\u00bb style=\u00a0\u00bbsquare\u00a0\u00bb message_box_color=\u00a0\u00bbgrey\u00a0\u00bb icon_type=\u00a0\u00bbtypicons\u00a0\u00bb icon_typicons=\u00a0\u00bbtypcn typcn-chevron-right\u00a0\u00bb]<strong>Voir les exemples<\/strong><\/p>\n<ul>\n<li><a href=\"https:\/\/www.everythingdisc.com\/EverythingDisc\/media\/Everything-DiSC-Sample-Reports\/Everything-DiSC%c2%ae-Sales-Customer-Interaction-Map.pdf\" target=\"_blank\" rel=\"noopener noreferrer nofollow\">Exemple de carte des interactions entre les vendeurs et les clients<\/a><\/li>\n<li><a href=\"https:\/\/www.everythingdisc.com\/EverythingDisc\/media\/Everything-DiSC-Sample-Reports\/Everything-DiSC%c2%ae-Sales-Supplement-2416.pdf\" target=\"_blank\" rel=\"noopener noreferrer nofollow\">Exemple de suppl\u00e9ment pour les facilitateurs<\/a><\/li>\n<li><a class=\"download\" href=\"https:\/\/www.everythingdisc.com\/EverythingDisc\/media\/Everything-DiSC-Sample-Reports\/Everything-DiSC%c2%ae-Group-Culture-Report-2416.pdf\" target=\"_blank\" rel=\"noopener noreferrer nofollow\">Exemple de rapport de culture de groupe<\/a><\/li>\n<li><a class=\"download\" href=\"https:\/\/www.everythingdisc.com\/EverythingDisc\/media\/Everything-DiSC-Sample-Reports\/Everything-DiSC%c2%ae-Facilitator-Report-2416.pdf\" target=\"_blank\" rel=\"noopener noreferrer nofollow\">Exemple de rapport du facilitateur<\/a><\/li>\n<li><a class=\"download\" href=\"https:\/\/www.everythingdisc.com\/EverythingDisc\/media\/Everything-DiSC-Sample-Reports\/Everything-DiSC%c2%ae-Team-View-2416.pdf\" target=\"_blank\" rel=\"noopener noreferrer nofollow\">Exemple de rapport Team View<\/a><\/li>\n<li><a href=\"https:\/\/www.everythingdisc.com\/EverythingDisc\/media\/Everything-DiSC-Sample-Reports\/Everything-DiSC%c2%ae-Comparison-Report-2416.pdf\" rel=\"nofollow noopener\" target=\"_blank\">Exemple de rapport de comparaison<\/a><\/li>\n<\/ul>\n<p><em>Le syst\u00e8me de facilitation Everyhting DiSC Sales comprend de la vid\u00e9o contemporaine : une introduction de quatre minutes aux styles de vente DiSC et \u00e0 d&rsquo;autres styles.<\/em><\/p>\n<p><strong>Les segments vid\u00e9o offrent de nombreuses fonctionnalit\u00e9s conviviales, telles que : <\/strong><\/p>\n<ul>\n<li><strong>Portabilit\u00e9 totale : l&rsquo;animation, la vid\u00e9o, PowerPoint et les documents des participants sont t\u00e9l\u00e9chargeables.<\/strong><\/li>\n<li><strong>Assistance en ligne<\/strong> : Obtenez les meilleures pratiques les plus r\u00e9centes pour personnaliser votre programme \u00e0 tout moment gr\u00e2ce \u00e0 la nouvelle fonction d&rsquo;aide en ligne. Acc\u00e9der \u00e0 des recherches et des ressources actualis\u00e9es.<\/li>\n<\/ul>\n","protected":false},"excerpt":{"rendered":"<p>Le kit de facilitation Everything DiSC Sales compl\u00e8te le rapport d&rsquo;\u00e9valuation et de profil Everything DiSC Sales.<\/p>\n<p>Utilisez-le pour une animation attrayante avec des vid\u00e9os convaincantes et un suivi en ligne pour une exp\u00e9rience d&rsquo;apprentissage personnalis\u00e9e.<\/p>\n<p><em>Everything DiSC Sales se concentre sur trois domaines vitaux :<\/em><\/p>\n<ul>\n<li>Comprendre votre style de vente DiSC<\/li>\n<li>Reconna\u00eetre les styles d&rsquo;achat des clients<\/li>\n<li>Adapter son style de vente \u00e0 son client<\/li>\n<\/ul>\n<p>Ce kit de facilitation est utilis\u00e9 par les managers, les formateurs en ressources humaines, les consultants ou les coachs qui aident les vendeurs \u00e0 <strong>adapter leur style, \u00e0 mieux connecter et \u00e0 conclure plus de ventes<\/strong>.<\/p>\n","protected":false},"featured_media":14615,"template":"","meta":[],"product_brand":[],"product_cat":[158,146],"product_tag":[],"class_list":{"0":"post-14131","1":"product","2":"type-product","3":"status-publish","4":"has-post-thumbnail","6":"product_cat-everything-disc-fr","7":"product_cat-kits-formation","9":"first","10":"instock","11":"virtual","12":"taxable","13":"purchasable","14":"product-type-simple"},"_links":{"self":[{"href":"https:\/\/disc-partners.com\/fr\/wp-json\/wp\/v2\/product\/14131","targetHints":{"allow":["GET"]}}],"collection":[{"href":"https:\/\/disc-partners.com\/fr\/wp-json\/wp\/v2\/product"}],"about":[{"href":"https:\/\/disc-partners.com\/fr\/wp-json\/wp\/v2\/types\/product"}],"wp:featuredmedia":[{"embeddable":true,"href":"https:\/\/disc-partners.com\/fr\/wp-json\/wp\/v2\/media\/14615"}],"wp:attachment":[{"href":"https:\/\/disc-partners.com\/fr\/wp-json\/wp\/v2\/media?parent=14131"}],"wp:term":[{"taxonomy":"product_brand","embeddable":true,"href":"https:\/\/disc-partners.com\/fr\/wp-json\/wp\/v2\/product_brand?post=14131"},{"taxonomy":"product_cat","embeddable":true,"href":"https:\/\/disc-partners.com\/fr\/wp-json\/wp\/v2\/product_cat?post=14131"},{"taxonomy":"product_tag","embeddable":true,"href":"https:\/\/disc-partners.com\/fr\/wp-json\/wp\/v2\/product_tag?post=14131"}],"curies":[{"name":"wp","href":"https:\/\/api.w.org\/{rel}","templated":true}]}}