{"id":14125,"date":"2015-07-20T15:15:06","date_gmt":"2015-07-20T13:15:06","guid":{"rendered":"https:\/\/dev.disc-partners.com\/shop\/everything-disc-work-of-leaders-facilitation-kit\/"},"modified":"2023-06-06T09:28:06","modified_gmt":"2023-06-06T07:28:06","slug":"kit-de-facilitation-everything-disc-work-of-leaders","status":"publish","type":"product","link":"https:\/\/disc-partners.com\/fr\/produits-disc\/boutique\/kit-de-facilitation-everything-disc-work-of-leaders\/","title":{"rendered":"Kit de facilitation Everything DiSC Work of Leaders"},"content":{"rendered":"<p><strong>Kit de facilitation Everything DiSC Work of Leaders :<br \/>\nFaciliter les sessions de formation en utilisant les profils \u00ab\u00a0Everything DiSC Work of Leaders\u00a0\u00bb.<\/strong><\/p>\n<p>Pourquoi devriez-vous envisager ou acheter un kit de facilitation Everything DiSC Work of Leaders ? Vous pouvez envisager de le faire, m\u00eame s&rsquo;il n&rsquo;y a pas d&rsquo;obligation. Le kit de facilitation Everything DiSC Work of Leaders, disponible en plusieurs langues, propose le contenu de facilitation dont vous avez besoin pour animer en toute confiance une session de formation avec des participants qui ont pass\u00e9 une \u00e9valuation Everything DiSC Work of Leaders et qui souhaitent mieux comprendre le rapport de profil.<\/p>\n<p>Le kit d&rsquo;animation fournit aux formateurs, animateurs, consultants ou managers le contenu d&rsquo;apprentissage dont ils ont besoin pour animer une session d&rsquo;apprentissage. La certification du formateur n&rsquo;est pas obligatoire. Vous pouvez n\u00e9anmoins envisager de vous faire certifier, car cela vous procure les connaissances, les comp\u00e9tences et les r\u00e9f\u00e9rences qui vous aideront \u00e0 d\u00e9livrer les profils et les formations Everything DiSC Work of Leaders<sup>\u00ae<\/sup>.<\/p>\n<p>[vc_row_inner][vc_column_inner width=\u00a0\u00bb5\/6&Prime;][vc_column_text]Avec Everything DiSC<sup>\u00ae<\/sup> Work of Leaders, vous connectez mieux avec personnes avec lesquelles vous travaillez. Everything DiSC\u00ae Work of Leaders\u2122 est une formation en atelier bas\u00e9e sur les meilleures pratiques. En utilisant le cadre de la vision, de l&rsquo;alignement et de l&rsquo;ex\u00e9cution, Work of Leaders encourage les dirigeants \u00e0 comprendre leurs propres comportements de leadership et la mani\u00e8re dont ils influencent leur efficacit\u00e9.<\/p>\n<p>[\/vc_column_text][\/vc_column_inner][vc_column_inner width=\u00a0\u00bb1\/6&Prime;][vc_single_image image=\u00a0\u00bb9985&Prime;][\/vc_column_inner][\/vc_row_inner][vc_row_inner][vc_column_inner][vc_message message_box_style=\u00a0\u00bbsolid\u00a0\u00bb style=\u00a0\u00bbsquare\u00a0\u00bb message_box_color=\u00a0\u00bbgrey\u00a0\u00bb icon_type=\u00a0\u00bbtypicons\u00a0\u00bb icon_typicons=\u00a0\u00bbtypcn typcn-chevron-right\u00a0\u00bb]<br \/>\nD\u00e9couvrez ce que le kit de facilitation \u00a0\u00bb Work of Leaders \u00a0\u00bb a \u00e0 offrir :<\/p>\n<ul>\n<li>Toute nouvelle vid\u00e9o ax\u00e9e sur le leadership, cinq modules de 60 \u00e0 90 minutes\n<ul>\n<li>Introduction<\/li>\n<li>Vision<\/li>\n<li>Alignement<\/li>\n<li>Ex\u00e9cution<\/li>\n<li>Plan d&rsquo;action<\/li>\n<\/ul>\n<\/li>\n<li>Discussions en groupe ou entre partenaires qui suscitent la r\u00e9flexion<\/li>\n<li>Activit\u00e9s d&rsquo;apprentissage exp\u00e9rientielles<\/li>\n<\/ul>\n<p>[\/vc_message][\/vc_column_inner][\/vc_row_inner][mk_padding_divider][vc_row][vc_column][vc_tta_tabs][vc_tta_section title=\u00a0\u00bbFaciliter\u00a0\u00bb tab_id=\u00a0\u00bb1442750470052-b071c2fb-9a64&Prime;][vc_column_text]<\/p>\n<h4><strong>Le syst\u00e8me de facilitation propose cinq modules de 60 \u00e0 90 minutes<\/strong><\/h4>\n<ul>\n<li><strong>Introduction<\/strong> : d\u00e9couverte du processus Work of Leaders et de l&rsquo;activit\u00e9 facultative Discovering DiSC.<\/li>\n<li><strong>Vision<\/strong> : d\u00e9couvrez les trois moteurs de la vision et la mani\u00e8re dont ils abordent chacun d&rsquo;entre eux.<\/li>\n<li><strong>Alignement<\/strong> : d\u00e9couvrez les trois moteurs de l&rsquo;alignement et la mani\u00e8re dont ils abordent chacun d&rsquo;entre eux.<\/li>\n<li><strong>Ex\u00e9cution<\/strong> : d\u00e9couvrez les trois moteurs de l&rsquo;ex\u00e9cution et la mani\u00e8re dont ils abordent chacun d&rsquo;entre eux.<\/li>\n<li><strong>Plan d&rsquo;action<\/strong> : explorer les forces et les d\u00e9fis personnels et cr\u00e9er un plan d&rsquo;action pour l&rsquo;am\u00e9lioration.<\/li>\n<\/ul>\n<p><strong>Guide de l&rsquo;animateur enti\u00e8rement sc\u00e9naris\u00e9, avec pr\u00e9sentation et documents \u00e0 distribuer aux participants.<\/strong><\/p>\n<p><strong>Toute nouvelle vid\u00e9o ax\u00e9e sur le leadership : choisissez les clips qui r\u00e9pondent \u00e0 vos besoins. Utilisez la vid\u00e9o de trois mani\u00e8res diff\u00e9rentes :<\/strong><\/p>\n<ul>\n<li>Clips ind\u00e9pendants<\/li>\n<li>Int\u00e9gr\u00e9 \u00e0 la pr\u00e9sentation<\/li>\n<li>Int\u00e9gr\u00e9 \u00e0 votre pr\u00e9sentation personnalis\u00e9e<\/li>\n<\/ul>\n<ul>\n<li><strong>Activit\u00e9s d&rsquo;apprentissage exp\u00e9rientielles avec des discussions de groupe et des discussions entre partenaires qui incitent \u00e0 la r\u00e9flexion.<\/strong><\/li>\n<\/ul>\n<p><strong>Facile \u00e0 personnaliser<\/strong><\/p>\n<p>Cr\u00e9ez un programme complet de d\u00e9veloppement du leadership ou concentrez-vous sur des domaines sp\u00e9cifiques. Intervertir les clips vid\u00e9o, modifier la pr\u00e9sentation, le guide de l&rsquo;animateur et les documents \u00e0 distribuer. Ajouter ou supprimer des sections pour s&rsquo;adapter \u00e0 n&rsquo;importe quel horaire.<\/p>\n<h4><strong>Voir les exemples :<\/strong><\/h4>\n<p><a href=\"https:\/\/www.everythingdisc.com\/EverythingDisc\/media\/EverythingDiscMediaLibrary\/Solutions\/Work%20of%20Leaders\/Modular%20Facilitation\/Sample_WOL_Leaders_Guide_mod.pdf\" target=\"_blank\" rel=\"noopener nofollow\">Exemple de guide de l&rsquo;animateur<\/a><br \/>\n<a href=\"https:\/\/www.everythingdisc.com\/EverythingDisc\/media\/EverythingDiscMediaLibrary\/Solutions\/Work%20of%20Leaders\/Modular%20Facilitation\/Work_of_Leaders_Execution_Sample.ppsx\" target=\"_blank\" rel=\"noopener nofollow\">Exemple de module<\/a><br \/>\n<a href=\"https:\/\/www.everythingdisc.com\/EverythingDisc\/media\/EverythingDiscMediaLibrary\/Solutions\/Work%20of%20Leaders\/Modular%20Facilitation\/WOL_Program_Overview_mod.pdf\" rel=\"nofollow noopener\" target=\"_blank\">Vue d&rsquo;ensemble du programme Work of Leaders<\/a>[\/vc_column_text][\/vc_tta_section][vc_tta_section title=\u00a0\u00bbMettre en \u0153uvre\u00a0\u00bb tab_id=\u00a0\u00bb1442750058739-83c86ce2-b95d\u00a0\u00bb][vc_column_text]<\/p>\n<h4>Plusieurs outils sont disponibles pour aller plus loin dans la mise en \u0153uvre et le transfert d&rsquo;apprentissage.<\/h4>\n<p><strong>Rapports Everything DiSC Work of Leaders et de Facilitation :<\/strong><br \/>\nCon\u00e7us pour \u00eatre utilis\u00e9s exclusivement avec le Profil Everything DISC Work of Leaders, les rapports de groupe et de facilitation Work of Leaders rassemblent les donn\u00e9es des participants pour fournir une vue d&rsquo;ensemble synth\u00e9tique du groupe. Les graphiques illustrent l&rsquo;approche du groupe en mati\u00e8re de vision, d&rsquo;alignement et d&rsquo;ex\u00e9cution et permettent d&rsquo;explorer les forces et les d\u00e9fis globaux du groupe afin de cr\u00e9er un plan d&rsquo;action pour r\u00e9ussir.<\/p>\n<p><strong>Everything DiSC Supplement for Facilitators (Suppl\u00e9ment au DiSC pour les animateurs) :<\/strong><br \/>\nFournit des donn\u00e9es plus d\u00e9taill\u00e9es sur une \u00e9valuation Everything DiSC et aide \u00e0 faciliter une discussion plus riche sur le style DiSC d&rsquo;un r\u00e9pondant, y compris sur les \u00e9l\u00e9ments inattendus. Acc\u00e8s illimit\u00e9 \u00e0 tous les profils <em><span class=\"Superscript\">Everything DiSC<\/span><\/em>.<\/p>\n<p><strong>Everything DiSC Team View :<\/strong><br \/>\nFournit une vue d&rsquo;ensemble du groupe de r\u00e9pondants et des cartes DiSC de chacun d&rsquo;entre eux. Le nombre de r\u00e9pondants inclus dans le rapport n&rsquo;est pas limit\u00e9. Acc\u00e8s illimit\u00e9 \u00e0 tous les profils Everything DiSC.<\/p>\n<p><strong>Rapport de comparaison Everything DiSC :<\/strong><br \/>\n\u00c9tablir de meilleures relations et faire en sorte que la formation soit suivie ! Ces rapports de suivi de 10 pages, valid\u00e9s par la recherche, peuvent \u00eatre cr\u00e9\u00e9s pour deux participants quelconques afin d&rsquo;illustrer leurs similitudes et leurs diff\u00e9rences. Fonctionne pour tous les programmes Everything DiSC, y compris Management et Workplace, vous permettant de cr\u00e9er des rapports pour les coll\u00e8gues ou pour les managers avec leurs subordonn\u00e9s directs. Les participants b\u00e9n\u00e9ficient d&rsquo;un acc\u00e8s illimit\u00e9, sans frais suppl\u00e9mentaires.<\/p>\n<p><strong>Voir les exemples<\/strong><\/p>\n<p><a href=\"https:\/\/www.everythingdisc.com\/EverythingDisc\/media\/Everything-DiSC-Sample-Reports\/Everything-DiSC-Work-of-Leaders%c2%ae-Facilitator-Report-2416.pdf\" target=\"_blank\" rel=\"noopener nofollow\">Exemple de rapport du facilitateur Work of Leaders<\/a><br \/>\n<a href=\"https:\/\/www.everythingdisc.com\/EverythingDisc\/media\/Everything-DiSC-Sample-Reports\/Everything-DiSC-Work-of-Leaders%c2%ae-Supplement-2416.pdf\" target=\"_blank\" rel=\"noopener nofollow\">Exemple de suppl\u00e9ment pour les facilitateurs<\/a><br \/>\n<a href=\"https:\/\/www.everythingdisc.com\/EverythingDisc\/media\/Everything-DiSC-Sample-Reports\/Everything-DiSC%c2%ae-Team-View-2416.pdf\" target=\"_blank\" rel=\"noopener nofollow\">Exemple de rapport Team View<\/a><br \/>\n<a href=\"https:\/\/www.everythingdisc.com\/EverythingDisc\/media\/Everything-DiSC-Sample-Reports\/Everything-DiSC-Work-of-Leaders%c2%ae-Group-Report-2416.pdf\" target=\"_blank\" rel=\"noopener nofollow\">Exemple de rapport de groupe Work of Leaders<br \/>\n<\/a><a href=\"https:\/\/www.everythingdisc.com\/EverythingDisc\/media\/Everything-DiSC-Sample-Reports\/Everything-DiSC%c2%ae-Comparison-Report-2416.pdf\" target=\"_blank\" rel=\"noopener nofollow\">exemple de rapport de comparaison<\/a>[\/vc_column_text][\/vc_tta_section][vc_tta_section title=\u00a0\u00bbVid\u00e9o &#8211; Intro\u00a0\u00bb tab_id=\u00a0\u00bb1442750572921-53565b04-4aa5&Prime;][vc_raw_html]JTNDcCUzRVRoZSUyMERpU0MlMjBXb3JrJTIwb2YlMjBMZWFkZXJzJTNDc3Ryb25nJTNFJTI2bmJzcCUzQmZhY2lsaXRhdGlvbiUyMHN5c3RlbSUzQyUyRnN0cm9uZyUzRSUyNm5ic3AlM0JpbmNsdWRlcyUyNm5ic3AlM0IlM0NzdHJvbmclM0UxNyUyMHZpZGVvJTIwc2VnbWVudHMlMjZuYnNwJTNCJTNDJTJGc3Ryb25nJTNFb2YlMjBjb250ZW1wb3JhcnklMjBsZWFkZXJzaGlwJTIwZXhhbXBsZXMlMjB0byUyMGNvbm5lY3QlMjBsZWFkZXJzJTIwdG8lMjByZWFsLXdvcmxkJTIwZGVtYW5kcyUyMGFuZCUyMGdlbmVyYXRlJTIwcG93ZXJmdWwlMjBjb252ZXJzYXRpb25zJTIwdGhhdCUyMHByb3ZpZGUlMjBhJTIwY2xlYXIlMjBwYXRoJTIwZm9yJTIwYWN0aW9uLiUyMCUzQyUyRnAlM0UlMEElM0NwJTNFVGhlJTIwc3lzdGVtJTIwaXMlMjBlYXN5JTIwdG8lMjB1c2UlMjBhbmQlMjBjdXN0b21pc2UuJTIwWW91JTIwY2FuJTIwdXNlJTIwdGhlJTIwc3lzdGVtJTIwYXMlMjBzdGFuZC1hbG9uZSUyMGNsaXBzJTJDJTIwaW50ZWdyYXRlZCUyMHdpdGglMjB0aGUlMjBmYWNpbGl0YXRpb24lMjBQb3dlclBvaW50JTIwc3VwcGxpZWQlMjBvbiUyMHRoZSUyMFVTQiUyMHN0aWNrJTJDJTIwb3IlMjBpbnRlZ3JhdGVkJTIwaW50byUyMHlvdXIlMjBjdXN0b20lMjBQb3dlclBvaW50JTIwcHJlc2VudGF0aW9uLiUzQyUyRnAlM0UlMEElM0NwJTNFJTNDc3Ryb25nJTNFVGhlJTIwc3lzdGVtJTIwaXMlMjBwb3J0YWJsZSUzQSUyNm5ic3AlM0IlM0MlMkZzdHJvbmclM0VmYWNpbGl0YXRpb24lMkMlMjB2aWRlbyUyQyUyMFBvd2VyUG9pbnQlMkMlMjBhbmQlMjBwYXJ0aWNpcGFudCUyMGhhbmRvdXRzJTIwb24lMjBVU0IlM0NiciUyMCUyRiUzRSUyMCUzQ3N0cm9uZyUzRUdldCUyMG9ubGluZSUyMFN1cHBvcnQlM0ElMjZuYnNwJTNCJTNDJTJGc3Ryb25nJTNFbGF0ZXN0JTIwYmVzdCUyMHByYWN0aWNlcyUyMGZvciUyMGN1c3RvbWlzaW5nJTIweW91ciUyMHByb2dyYW0lMjBhbnl0aW1lJTIwd2l0aCUyMHRoZSUyMG5ldyUyMG9ubGluZSUyMGhlbHAlMjBmZWF0dXJlLiUyNm5ic3AlM0IlMjBBY2Nlc3MlMjB1cC10by1kYXRlJTIwcmVzZWFyY2glMjBhbmQlMjByZXNvdXJjZXMuJTNDJTJGcCUzRSUwQSUzQ3AlM0VJbnRybyUyMHZpZGVvJTNBJTIwdGhlJTIwJTNDc3Ryb25nJTNFV29yayUyMG9mJTIwTGVhZGVycyUyMCUzQyUyRnN0cm9uZyUzRWNvbmNlcHQlM0MlMkZwJTNFJTBBJTNDc2NyaXB0JTIwdHlwZSUzRCUyMnRleHQlMkZqYXZhc2NyaXB0JTIyJTIwc3JjJTNEJTIyJTJGJTJGcGxheS52aWR5YXJkLmNvbSUyRkdGR211Mjlydy16OFJHNEpEdFJ4MEEuanMlM0Z2JTNEMy4xJTI2YW1wJTNCdHlwZSUzRGlubGluZSUyMiUyMGlkJTNEJTIydmlkeWFyZF9lbWJlZF9jb2RlX0dGR211Mjlydy16OFJHNEpEdFJ4MEElMjIlM0UlM0MlMkZzY3JpcHQlM0UlMEElM0NzdHJvbmclM0VQb2RjYXN0cyUzQyUyRnN0cm9uZyUzRSUzQyUyRnAlM0UlMEElM0NwJTNFRXZlcnl0aGluZyUyMERpU0MlMjBXb3JrJTIwb2YlMjBMZWFkZXJzJTIwaW5jbHVkZXMlMjB0b29scyUyMGFuZCUyMHJlc291cmNlcyUyMHRoYXQlMjBwcmVwYXJlJTIweW91JTIwdG8lMjBkZWxpdmVyJTIwV29yayUyMG9mJTIwTGVhZGVycy4lMjBPdXIlMjBXb3JrJTIwb2YlMjBMZWFkZXJzJTIwcG9kY2FzdHMlMkMlMjBuYXJyYXRlZCUyMGJ5JTIwV2lsZXklMjdzJTIwRGlyZWN0b3IlMjBvZiUyMFJlc2VhcmNoJTJDJTIwbGV0JTIweW91JTIwaGVhciUyMGZpcnN0LWhhbmQlMjBob3clMjB0byUyMGludGVycHJldCUyMFdvcmslMjBvZiUyMExlYWRlcnMlMjBjb250aW51YSUyMHNvJTIweW91JTIwY2FuJTIwYW5zd2VyJTIwcGFydGljaXBhbnQlMjBxdWVzdGlvbnMuJTIwSXQlRTIlODAlOTlzJTIwaW5zaWdodGZ1bCUyMGluZm9ybWF0aW9uJTIweW91JTIwY2FuJUUyJTgwJTk5dCUyMGZpbmQlMjBhbnl3aGVyZSUyMGVsc2UuJTIwVGhlJTIwdGhpcnR5LXNpeCUyMGluZGl2aWR1YWwlMjBjbGlwcyUyMGFyZSUyMGJyb2tlbiUyMGRvd24lMjBieSUyMFZpc2lvbiUyQyUyMEFsaWdubWVudCUyQyUyMGFuZCUyMEV4ZWN1dGlvbiUyMGFuZCUyMGluY2x1ZGUlM0ElM0MlMkZwJTNFJTBBJTNDdWwlM0UlMEElM0NsaSUzRUludHJvZHVjdGlvbnMlMjB0byUyMGVhY2glMjBzdGVwJTIwb2YlMjBXb3JrJTIwb2YlMjBMZWFkZXJzJTNDJTJGbGklM0UlMEElM0NsaSUzRUludGVycHJldGluZyUyMHRoZSUyMDE4JTIwY29udGludWElM0MlMkZsaSUzRSUwQSUzQ2xpJTNFRGlTQyUyMGltcGxpY2F0aW9ucyUzQyUyRmxpJTNFJTBBJTNDJTJGdWwlM0U=[\/vc_raw_html][\/vc_tta_section][vc_tta_section title=\u00a0\u00bbVideo-Inefficace\u00a0\u00bb tab_id=\u00a0\u00bb1442750657411-0b080244-9441&Prime;][vc_raw_html]JTNDcCUzRVRoZSUyMERpU0MlMjBXb3JrJTIwb2YlMjBMZWFkZXJzJTNDc3Ryb25nJTNFZmFjaWxpdGF0aW9uJTIwc3lzdGVtJTNDJTJGc3Ryb25nJTNFJTIwaW5jbHVkZXMlMjZuYnNwJTNCJTNDc3Ryb25nJTNFMTclMjB2aWRlbyUyMHNlZ21lbnRzJTIwJTNDJTJGc3Ryb25nJTNFb2YlMjBjb250ZW1wb3JhcnklMjBsZWFkZXJzaGlwJTIwZXhhbXBsZXMlMjB0byUyMGNvbm5lY3QlMjBsZWFkZXJzJTIwdG8lMjByZWFsLXdvcmxkJTIwZGVtYW5kcyUyMGFuZCUyMGdlbmVyYXRlJTIwcG93ZXJmdWwlMjBjb252ZXJzYXRpb25zJTIwdGhhdCUyMHByb3ZpZGUlMjBhJTIwY2xlYXIlMjBwYXRoJTIwZm9yJTIwYWN0aW9uLiUyMFRoZSUyMHN5c3RlbSUyMGlzJTIwZWFzeSUyMHRvJTIwdXNlJTIwYW5kJTIwY3VzdG9taXNlLiUyMFlvdSUyMGNhbiUyMHVzZSUyMHRoZSUyMHN5c3RlbSUyMGFzJTIwc3RhbmQtYWxvbmUlMjBjbGlwcyUyQyUyMGludGVncmF0ZWQlMjB3aXRoJTIwdGhlJTIwZmFjaWxpdGF0aW9uJTIwUG93ZXJQb2ludCUyMHN1cHBsaWVkJTIwb24lMjB0aGUlMjBVU0IlMjBzdGljayUyQyUyMG9yJTIwaW50ZWdyYXRlZCUyMGludG8lMjB5b3VyJTIwY3VzdG9tJTIwUG93ZXJQb2ludCUyMHByZXNlbnRhdGlvbi4lM0MlMkZwJTNFJTBBJTNDcCUzRSUzQ3N0cm9uZyUzRVRoZSUyMHN5c3RlbSUyMGlzJTIwcG9ydGFibGUlM0ElMjAlM0MlMkZzdHJvbmclM0VmYWNpbGl0YXRpb24lMkMlMjB2aWRlbyUyQyUyMFBvd2VyUG9pbnQlMkMlMjBhbmQlMjBwYXJ0aWNpcGFudCUyMGhhbmRvdXRzJTIwb24lMjBVU0IlM0MlMkZzcGFuJTNFJTNDYnIlMjAlMkYlM0UlMjAlM0NzdHJvbmclM0VHZXQlMjBvbmxpbmUlMjBTdXBwb3J0JTNBJTI2bmJzcCUzQiUzQyUyRnN0cm9uZyUzRWxhdGVzdCUyMGJlc3QlMjBwcmFjdGljZXMlMjBmb3IlMjBjdXN0b21pc2luZyUyMHlvdXIlMjBwcm9ncmFtJTIwYW55dGltZSUyMHdpdGglMjB0aGUlMjBuZXclMjBvbmxpbmUlMjBoZWxwJTIwZmVhdHVyZS4lMjBBY2Nlc3MlMjB1cC10by1kYXRlJTIwcmVzZWFyY2glMjBhbmQlMjByZXNvdXJjZXMuJTNDJTJGcCUzRSUwQSUzQ3AlM0VUaGlzJTIwJTNDc3Ryb25nJTNFdmlkZW8lMjAlM0MlMkZzdHJvbmclM0VzaG93cyUyMGhvdyUyMCUzQ3N0cm9uZyUzRUNsYXJpdHklM0MlMkZzdHJvbmclM0UlMjBpcyUyMCUzQ2VtJTNFaW5lZmZlY3RpdmVseSUyMCUzQyUyRmVtJTNFaGFuZGxlZCUyQyUyMGluJTIwdGhlJTIwJTNDc3Ryb25nJTNFQWxpZ25tZW50JTIwJTNDJTJGc3Ryb25nJTNFcGhhc2UuJTNDJTJGcCUzRSUwQSUzQ3NjcmlwdCUyMHR5cGUlM0QlMjJ0ZXh0JTJGamF2YXNjcmlwdCUyMiUyMHNyYyUzRCUyMiUyRiUyRnBsYXkudmlkeWFyZC5jb20lMkZwUUJ2aGtZMlN0TDJSdmVldllpbDlnLmpzJTNGdiUzRDMuMSUyNmFtcCUzQnR5cGUlM0RpbmxpbmUlMjIlMjBpZCUzRCUyMnZpZHlhcmRfZW1iZWRfY29kZV9wUUJ2aGtZMlN0TDJSdmVldllpbDlnJTIyJTNFJTNDJTJGc2NyaXB0JTNFJTBBJTNDc3Ryb25nJTNFUG9kY2FzdHMlM0MlMkZzdHJvbmclM0UlM0MlMkZwJTNFJTBBJTNDcCUzRUV2ZXJ5dGhpbmclMjBEaVNDJTIwV29yayUyMG9mJTIwTGVhZGVycyUyMGluY2x1ZGVzJTIwdG9vbHMlMjBhbmQlMjByZXNvdXJjZXMlMjB0aGF0JTIwcHJlcGFyZSUyMHlvdSUyMHRvJTIwZGVsaXZlciUyMFdvcmslMjBvZiUyMExlYWRlcnMuJTIwT3VyJTIwJTNDc3Ryb25nJTNFV29yayUyMG9mJTIwTGVhZGVycyUyMHBvZGNhc3RzJTNDJTJGc3Ryb25nJTNFJTJDJTIwbmFycmF0ZWQlMjBieSUyMFdpbGV5JTI3cyUyMERpcmVjdG9yJTIwb2YlMjBSZXNlYXJjaCUyQyUyMGxldCUyMHlvdSUyMGhlYXIlMjBmaXJzdC1oYW5kJTIwaG93JTIwdG8lMjBpbnRlcnByZXQlMjBXb3JrJTIwb2YlMjBMZWFkZXJzJTIwY29udGludWElMjBzbyUyMHlvdSUyMGNhbiUyMGFuc3dlciUyMHBhcnRpY2lwYW50JTIwcXVlc3Rpb25zLiUyMEl0JUUyJTgwJTk5cyUyMGluc2lnaHRmdWwlMjBpbmZvcm1hdGlvbiUyMHlvdSUyMGNhbiVFMiU4MCU5OXQlMjBmaW5kJTIwYW55d2hlcmUlMjBlbHNlLiUyMFRoZSUyMHRoaXJ0eS1zaXglMjBpbmRpdmlkdWFsJTIwY2xpcHMlMjBhcmUlMjBicm9rZW4lMjBkb3duJTIwYnklMjBWaXNpb24lMkMlMjBBbGlnbm1lbnQlMkMlMjBhbmQlMjBFeGVjdXRpb24lMjBhbmQlMjBpbmNsdWRlJTNBJTNDJTJGcCUzRSUwQSUzQ3VsJTNFJTBBJTNDbGklM0VJbnRyb2R1Y3Rpb25zJTIwdG8lMjBlYWNoJTIwc3RlcCUyMG9mJTIwV29yayUyMG9mJTIwTGVhZGVycyUzQyUyRmxpJTNFJTBBJTNDbGklM0VJbnRlcnByZXRpbmclMjB0aGUlMjAxOCUyMGNvbnRpbnVhJTNDJTJGbGklM0UlMEElM0NsaSUzRURpU0MlMjBpbXBsaWNhdGlvbnMlM0MlMkZsaSUzRSUwQSUzQyUyRnVsJTNF[\/vc_raw_html][\/vc_tta_section][vc_tta_section title=\u00a0\u00bbVideo-efficace\u00a0\u00bb tab_id=\u00a0\u00bb1442750733900-28180a40-f288&Prime;][vc_raw_html]JTNDcCUzRVRoZSUyMERpU0MlMjBXb3JrJTIwb2YlMjBMZWFkZXJzJTNDc3Ryb25nJTNFZmFjaWxpdGF0aW9uJTIwc3lzdGVtJTNDJTJGc3Ryb25nJTNFJTIwaW5jbHVkZXMlMjZuYnNwJTNCJTNDc3Ryb25nJTNFMTclMjB2aWRlbyUyMHNlZ21lbnRzJTIwJTNDJTJGc3Ryb25nJTNFb2YlMjBjb250ZW1wb3JhcnklMjBsZWFkZXJzaGlwJTIwZXhhbXBsZXMlMjB0byUyMGNvbm5lY3QlMjBsZWFkZXJzJTIwdG8lMjByZWFsLXdvcmxkJTIwZGVtYW5kcyUyMGFuZCUyMGdlbmVyYXRlJTIwcG93ZXJmdWwlMjBjb252ZXJzYXRpb25zJTIwdGhhdCUyMHByb3ZpZGUlMjBhJTIwY2xlYXIlMjBwYXRoJTIwZm9yJTIwYWN0aW9uLiUyMFRoZSUyMHN5c3RlbSUyMGlzJTIwZWFzeSUyMHRvJTIwdXNlJTIwYW5kJTIwY3VzdG9taXNlLiUyMFlvdSUyMGNhbiUyMHVzZSUyMHRoZSUyMHN5c3RlbSUyMGFzJTIwc3RhbmQtYWxvbmUlMjBjbGlwcyUyQyUyMGludGVncmF0ZWQlMjB3aXRoJTIwdGhlJTIwZmFjaWxpdGF0aW9uJTIwUG93ZXJQb2ludCUyMHN1cHBsaWVkJTIwb24lMjB0aGUlMjBVU0IlMjBzdGljayUyQyUyMG9yJTIwaW50ZWdyYXRlZCUyMGludG8lMjB5b3VyJTIwY3VzdG9tJTIwUG93ZXJQb2ludCUyMHByZXNlbnRhdGlvbi4lM0MlMkZwJTNFJTBBJTNDcCUzRSUzQ3N0cm9uZyUzRVRoZSUyMHN5c3RlbSUyMGlzJTIwcG9ydGFibGUlM0ElMjAlM0MlMkZzdHJvbmclM0VmYWNpbGl0YXRpb24lMkMlMjB2aWRlbyUyQyUyMFBvd2VyUG9pbnQlMkMlMjBhbmQlMjBwYXJ0aWNpcGFudCUyMGhhbmRvdXRzJTIwb24lMjBVU0IlM0MlMkZzcGFuJTNFJTNDYnIlMjAlMkYlM0UlMjAlM0NzdHJvbmclM0VHZXQlMjBvbmxpbmUlMjBTdXBwb3J0JTNBJTI2bmJzcCUzQiUzQyUyRnN0cm9uZyUzRWxhdGVzdCUyMGJlc3QlMjBwcmFjdGljZXMlMjBmb3IlMjBjdXN0b21pc2luZyUyMHlvdXIlMjBwcm9ncmFtJTIwYW55dGltZSUyMHdpdGglMjB0aGUlMjBuZXclMjBvbmxpbmUlMjBoZWxwJTIwZmVhdHVyZS4lMjBBY2Nlc3MlMjB1cC10by1kYXRlJTIwcmVzZWFyY2glMjBhbmQlMjByZXNvdXJjZXMuJTNDJTJGcCUzRSUwQSUzQ3AlM0VUaGlzJTI2bmJzcCUzQiUzQ3N0cm9uZyUzRXZpZGVvJTI2bmJzcCUzQiUzQyUyRnN0cm9uZyUzRXNob3dzJTIwaG93JTI2bmJzcCUzQiUzQ3N0cm9uZyUzRUNsYXJpdHklM0MlMkZzdHJvbmclM0UlMjZuYnNwJTNCaXMlMjZuYnNwJTNCJTNDZW0lM0VlZmZlY3RpdmVseSUyNm5ic3AlM0IlM0MlMkZlbSUzRWhhbmRsZWQlMkMlMjBpbiUyMHRoZSUyNm5ic3AlM0IlM0NzdHJvbmclM0VBbGlnbm1lbnQlMjZuYnNwJTNCJTNDJTJGc3Ryb25nJTNFcGhhc2UuJTNDJTJGcCUzRSUwQSUzQ3NjcmlwdCUyMHR5cGUlM0QlMjJ0ZXh0JTJGamF2YXNjcmlwdCUyMiUyMHNyYyUzRCUyMiUyRiUyRnBsYXkudmlkeWFyZC5jb20lMkZMRFJUNmpzZmFpZ212Sk9BWEVYLUVnLmpzJTNGdiUzRDMuMSUyNmFtcCUzQnR5cGUlM0RpbmxpbmUlMjIlMjBpZCUzRCUyMnZpZHlhcmRfZW1iZWRfY29kZV9MRFJUNmpzZmFpZ212Sk9BWEVYLUVnJTIyJTNFJTNDJTJGc2NyaXB0JTNFJTBBJTNDc3Ryb25nJTNFUG9kY2FzdHMlM0MlMkZzdHJvbmclM0UlM0MlMkZwJTNFJTBBJTNDcCUzRUV2ZXJ5dGhpbmclMjBEaVNDJTIwV29yayUyMG9mJTIwTGVhZGVycyUyMGluY2x1ZGVzJTIwdG9vbHMlMjBhbmQlMjByZXNvdXJjZXMlMjB0aGF0JTIwcHJlcGFyZSUyMHlvdSUyMHRvJTIwZGVsaXZlciUyMFdvcmslMjBvZiUyMExlYWRlcnMuJTIwT3VyJTI2bmJzcCUzQiUzQ3N0cm9uZyUzRVdvcmslMjBvZiUyMExlYWRlcnMlMjBwb2RjYXN0cyUzQyUyRnN0cm9uZyUzRSUyQyUyMG5hcnJhdGVkJTIwYnklMjBXaWxleSUyN3MlMjBEaXJlY3RvciUyMG9mJTIwUmVzZWFyY2glMkMlMjBsZXQlMjB5b3UlMjBoZWFyJTIwZmlyc3QtaGFuZCUyMGhvdyUyMHRvJTIwaW50ZXJwcmV0JTIwV29yayUyMG9mJTIwTGVhZGVycyUyMGNvbnRpbnVhJTIwc28lMjB5b3UlMjBjYW4lMjBhbnN3ZXIlMjBwYXJ0aWNpcGFudCUyMHF1ZXN0aW9ucy4lMjBJdCVFMiU4MCU5OXMlMjBpbnNpZ2h0ZnVsJTIwaW5mb3JtYXRpb24lMjB5b3UlMjBjYW4lRTIlODAlOTl0JTIwZmluZCUyMGFueXdoZXJlJTIwZWxzZS4lMjBUaGUlMjB0aGlydHktc2l4JTIwaW5kaXZpZHVhbCUyMGNsaXBzJTIwYXJlJTIwYnJva2VuJTIwZG93biUyMGJ5JTIwVmlzaW9uJTJDJTIwQWxpZ25tZW50JTJDJTIwYW5kJTIwRXhlY3V0aW9uJTIwYW5kJTIwaW5jbHVkZSUzQSUzQyUyRnAlM0UlMEElM0N1bCUzRSUwQSUzQ2xpJTNFSW50cm9kdWN0aW9ucyUyMHRvJTIwZWFjaCUyMHN0ZXAlMjBvZiUyMFdvcmslMjBvZiUyMExlYWRlcnMlM0MlMkZsaSUzRSUwQSUzQ2xpJTNFSW50ZXJwcmV0aW5nJTIwdGhlJTIwMTglMjBjb250aW51YSUzQyUyRmxpJTNFJTBBJTNDbGklM0VEaVNDJTIwaW1wbGljYXRpb25zJTNDJTJGbGklM0UlMEElM0MlMkZ1bCUzRQ==[\/vc_raw_html][\/vc_tta_section][\/vc_tta_tabs][\/vc_column][\/vc_row]<\/p>\n","protected":false},"excerpt":{"rendered":"<div class=\"woocommerce-product-details__short-description\">\n<div class=\"woocommerce-product-details__short-description\">\n<p>Le kit de facilitation Everything DiSC Work of Leaders compl\u00e8te l&rsquo;\u00e9valuation et le rapport de profil Everything DiSC Work of Leaders.<\/p>\n<p>Utilisez-le pour une animation attrayante avec des vid\u00e9os convaincantes et un suivi en ligne pour une exp\u00e9rience d&rsquo;apprentissage personnalis\u00e9e.<\/p>\n<p><em>Everything DiSC Work of Leaders est bas\u00e9 sur la recherche :<\/em><\/p>\n<ul>\n<li>Un effort de recherche et de d\u00e9veloppement sur quatre ans<\/li>\n<li>Distille les travaux d&rsquo;\u00e9minents chercheurs sur le leadership<\/li>\n<li>300 experts, 150 organisations<\/li>\n<li>Les meilleures pratiques en mati\u00e8re de leadership ont \u00e9t\u00e9 identifi\u00e9es<\/li>\n<\/ul>\n<p>Kit de facilitation, utilis\u00e9 par les formateurs en ressources humaines, les consultants et les coachs pour encourager les dirigeants \u00e0 comprendre leur propre <strong>style de leadership<\/strong> et son <strong>impact sur l&rsquo;efficacit\u00e9<\/strong>.<\/p>\n<\/div>\n<\/div>\n","protected":false},"featured_media":14607,"template":"","meta":[],"product_brand":[],"product_cat":[158,146],"product_tag":[],"class_list":{"0":"post-14125","1":"product","2":"type-product","3":"status-publish","4":"has-post-thumbnail","6":"product_cat-everything-disc-fr","7":"product_cat-kits-formation","9":"first","10":"instock","11":"taxable","12":"shipping-taxable","13":"purchasable","14":"product-type-variable","15":"has-default-attributes"},"_links":{"self":[{"href":"https:\/\/disc-partners.com\/fr\/wp-json\/wp\/v2\/product\/14125","targetHints":{"allow":["GET"]}}],"collection":[{"href":"https:\/\/disc-partners.com\/fr\/wp-json\/wp\/v2\/product"}],"about":[{"href":"https:\/\/disc-partners.com\/fr\/wp-json\/wp\/v2\/types\/product"}],"wp:featuredmedia":[{"embeddable":true,"href":"https:\/\/disc-partners.com\/fr\/wp-json\/wp\/v2\/media\/14607"}],"wp:attachment":[{"href":"https:\/\/disc-partners.com\/fr\/wp-json\/wp\/v2\/media?parent=14125"}],"wp:term":[{"taxonomy":"product_brand","embeddable":true,"href":"https:\/\/disc-partners.com\/fr\/wp-json\/wp\/v2\/product_brand?post=14125"},{"taxonomy":"product_cat","embeddable":true,"href":"https:\/\/disc-partners.com\/fr\/wp-json\/wp\/v2\/product_cat?post=14125"},{"taxonomy":"product_tag","embeddable":true,"href":"https:\/\/disc-partners.com\/fr\/wp-json\/wp\/v2\/product_tag?post=14125"}],"curies":[{"name":"wp","href":"https:\/\/api.w.org\/{rel}","templated":true}]}}