{"id":14047,"date":"2015-07-21T12:14:02","date_gmt":"2015-07-21T10:14:02","guid":{"rendered":"https:\/\/dev.disc-partners.com\/shop\/epic-online-account\/"},"modified":"2026-02-27T15:46:12","modified_gmt":"2026-02-27T13:46:12","slug":"compte-en-ligne-epic","status":"publish","type":"product","link":"https:\/\/disc-partners.com\/fr\/produits-disc\/boutique\/compte-en-ligne-epic\/","title":{"rendered":"Compte en ligne EPIC"},"content":{"rendered":"<div class=\"et_pb_section_0 et_pb_section et_section_regular et_block_section\"><div class=\"et_pb_row_0 et_pb_row et_block_row\"><div class=\"et_pb_column_0 et_pb_column et_pb_column_4_4 et-last-child et_block_column et_pb_css_mix_blend_mode_passthrough\"><div class=\"et_pb_wc_cart_notice_0 et_pb_wc_cart_notice et_pb_fields_layout_default et_pb_module\"><div class=\"et_pb_module_inner\">\n\t<div class=\"woocommerce-message\" role=\"alert\">\n\t\t&ldquo;Product Name&rdquo; has been added to cart.\t<\/div>\n<\/div><\/div><\/div><\/div><div class=\"et_pb_row_1 et_pb_row et_block_row\"><div class=\"et_pb_column_1 et_pb_column et_pb_column_1_2 et_block_column et_pb_css_mix_blend_mode_passthrough\"><div class=\"et_pb_wc_images_0 et_pb_wc_images et_pb_module\"><div class=\"et_pb_module_inner\"><\/div><\/div><\/div><div class=\"et_pb_column_2 et_pb_column et_pb_column_1_2 et-last-child et_block_column et_pb_css_mix_blend_mode_passthrough\"><div class=\"et_pb_wc_title_0 et_pb_wc_title et_pb_bg_layout_light et_pb_module\"><div class=\"et_pb_module_inner\">\n\t\t<h1>Compte en ligne EPIC<\/h1><\/div><\/div><\/div><\/div><div class=\"et_pb_row_2 et_pb_row et_block_row\"><div class=\"et_pb_column_3 et_pb_column et_pb_column_4_4 et-last-child et_block_column et_pb_css_mix_blend_mode_passthrough\"><div class=\"et_pb_wc_tabs_0 et_pb_wc_tabs et_pb_tabs et_pb_module\"><div class=\"et_pb_module_inner\"><ul class=\"et_pb_tabs_controls clearfix\"><\/ul><div class=\"et_pb_all_tabs\"><\/div><\/div><\/div><\/div><\/div><\/div>","protected":false},"excerpt":{"rendered":"<p>Acqu\u00e9rir une <strong>autonomie totale en tant qu&rsquo;administrateur<\/strong>.<\/p>\n<p>EPIC est un <strong>syst\u00e8me de gestion de profil<\/strong> en ligne qui vous permet d&rsquo;envoyer, de personnaliser, d&rsquo;imprimer et de stocker des \u00e9valuations en ligne. En tant qu&rsquo;administrateur du syst\u00e8me EPIC, vous pouvez \u00e0 tout moment attribuer des codes d&rsquo;acc\u00e8s \u00e0 vos r\u00e9pondants.<\/p>\n<p>Une fois que le r\u00e9pondant a termin\u00e9 l&rsquo;\u00e9valuation, EPIC g\u00e9n\u00e8re un profil personnalis\u00e9 qui peut \u00eatre utilis\u00e9 comme document autonome ou dans le cadre d&rsquo;un programme de formation plus vaste. EPIC est votre syst\u00e8me de gestion en ligne, pour les formateurs, les coachs, les consultants et les professionnels des ressources humaines.<\/p>\n<p><img loading=\"lazy\" decoding=\"async\" class=\"\" src=\"https:\/\/disc-partners.com\/wp-content\/uploads\/pdficon_small.png\" alt=\"Fichier PDF\" width=\"30\" height=\"30\" \/> <a style=\"text-decoration: none;\" title=\"Un rapport sur le nombre de cr\u00e9dits requis par profil (nouvelle fen\u00eatre)\" href=\"https:\/\/disc-partners.com\/documents\/Credits Charged for Reports.pdf\" target=\"_blank\" rel=\"noopener\">De combien de cr\u00e9dits ai-je besoin pour chaque profil ?<\/a><\/p>\n","protected":false},"featured_media":9996,"template":"","meta":[],"product_brand":[],"product_cat":[3699],"product_tag":[],"class_list":{"0":"post-14047","1":"product","2":"type-product","3":"status-publish","4":"has-post-thumbnail","6":"product_cat-epic-fr","8":"first","9":"instock","10":"virtual","11":"taxable","12":"purchasable","13":"product-type-simple"},"_links":{"self":[{"href":"https:\/\/disc-partners.com\/fr\/wp-json\/wp\/v2\/product\/14047","targetHints":{"allow":["GET"]}}],"collection":[{"href":"https:\/\/disc-partners.com\/fr\/wp-json\/wp\/v2\/product"}],"about":[{"href":"https:\/\/disc-partners.com\/fr\/wp-json\/wp\/v2\/types\/product"}],"wp:featuredmedia":[{"embeddable":true,"href":"https:\/\/disc-partners.com\/fr\/wp-json\/wp\/v2\/media\/9996"}],"wp:attachment":[{"href":"https:\/\/disc-partners.com\/fr\/wp-json\/wp\/v2\/media?parent=14047"}],"wp:term":[{"taxonomy":"product_brand","embeddable":true,"href":"https:\/\/disc-partners.com\/fr\/wp-json\/wp\/v2\/product_brand?post=14047"},{"taxonomy":"product_cat","embeddable":true,"href":"https:\/\/disc-partners.com\/fr\/wp-json\/wp\/v2\/product_cat?post=14047"},{"taxonomy":"product_tag","embeddable":true,"href":"https:\/\/disc-partners.com\/fr\/wp-json\/wp\/v2\/product_tag?post=14047"}],"curies":[{"name":"wp","href":"https:\/\/api.w.org\/{rel}","templated":true}]}}