{"id":11774,"date":"2017-10-19T14:14:10","date_gmt":"2017-10-19T12:14:10","guid":{"rendered":"https:\/\/dev.disc-partners.com\/shop\/everything-disc-productive-conflict-profile\/"},"modified":"2026-02-27T15:46:13","modified_gmt":"2026-02-27T13:46:13","slug":"profil-everything-disc-productive-conflict","status":"publish","type":"product","link":"https:\/\/disc-partners.com\/fr\/produits-disc\/boutique\/profil-everything-disc-productive-conflict\/","title":{"rendered":"Profil Everything DiSC Productive Conflict"},"content":{"rendered":"<div class=\"et_pb_section_0 et_pb_section et_section_regular et_block_section\"><div class=\"et_pb_row_0 et_pb_row et_block_row\"><div class=\"et_pb_column_0 et_pb_column et_pb_column_4_4 et-last-child et_block_column et_pb_css_mix_blend_mode_passthrough\"><div class=\"et_pb_wc_cart_notice_0 et_pb_wc_cart_notice et_pb_fields_layout_default et_pb_module\"><div class=\"et_pb_module_inner\">\n\t<div class=\"woocommerce-message\" role=\"alert\">\n\t\t&ldquo;Product Name&rdquo; has been added to cart.\t<\/div>\n<\/div><\/div><\/div><\/div><div class=\"et_pb_row_1 et_pb_row et_block_row\"><div class=\"et_pb_column_1 et_pb_column et_pb_column_1_2 et_block_column et_pb_css_mix_blend_mode_passthrough\"><div class=\"et_pb_wc_images_0 et_pb_wc_images et_pb_module\"><div class=\"et_pb_module_inner\"><\/div><\/div><\/div><div class=\"et_pb_column_2 et_pb_column et_pb_column_1_2 et-last-child et_block_column et_pb_css_mix_blend_mode_passthrough\"><div class=\"et_pb_wc_title_0 et_pb_wc_title et_pb_bg_layout_light et_pb_module\"><div class=\"et_pb_module_inner\">\n\t\t<h1>Profil Everything DiSC Productive Conflict<\/h1><\/div><\/div><\/div><\/div><div class=\"et_pb_row_2 et_pb_row et_block_row\"><div class=\"et_pb_column_3 et_pb_column et_pb_column_4_4 et-last-child et_block_column et_pb_css_mix_blend_mode_passthrough\"><div class=\"et_pb_wc_tabs_0 et_pb_wc_tabs et_pb_tabs et_pb_module\"><div class=\"et_pb_module_inner\"><ul class=\"et_pb_tabs_controls clearfix\"><\/ul><div class=\"et_pb_all_tabs\"><\/div><\/div><\/div><\/div><\/div><\/div>","protected":false},"excerpt":{"rendered":"<p><strong><span style=\"font-size: 16px;\">Rendre les conflits constructifs et productifs<\/span><\/strong><\/p>\n<p><strong>Utilisations<\/strong> : Gestion des conflits, communication efficace avec les employ\u00e9s, renforcement de l&rsquo;esprit d&rsquo;\u00e9quipe, productivit\u00e9, conscience de soi.<\/p>\n<p><strong>Finalit\u00e9<\/strong><\/p>\n<ul>\n<li>Comprendre sa propre r\u00e9action et celle des autres face \u00e0 un conflit.<\/li>\n<li>Explorer les comportements destructeurs\/productifs en cas de conflit.<\/li>\n<li>Manager sa r\u00e9ponse aux situations de conflit.<\/li>\n<li>D\u00e9couvrir des strat\u00e9gies de communication productives.<\/li>\n<\/ul>\n<p>En augmentant la conscience de soi autour des comportements conflictuels, Everything DiSC Productive Conflict aide les apprenants \u00e0 r\u00e9pondre efficacement aux d\u00e9fis inconfortables et in\u00e9vitables des conflits sur le lieu de travail. Le r\u00e9sultat : <strong>vous transformez les rencontres inconfortables en relations plus fortes<\/strong>.<\/p>\n","protected":false},"featured_media":11771,"template":"","meta":[],"product_brand":[],"product_cat":[145,158,3862],"product_tag":[],"class_list":{"0":"post-11774","1":"product","2":"type-product","3":"status-publish","4":"has-post-thumbnail","6":"product_cat-evaluations-profils","7":"product_cat-everything-disc-fr","8":"product_cat-performance-individuelle","10":"first","11":"instock","12":"taxable","13":"shipping-taxable","14":"purchasable","15":"product-type-variable","16":"has-default-attributes"},"_links":{"self":[{"href":"https:\/\/disc-partners.com\/fr\/wp-json\/wp\/v2\/product\/11774","targetHints":{"allow":["GET"]}}],"collection":[{"href":"https:\/\/disc-partners.com\/fr\/wp-json\/wp\/v2\/product"}],"about":[{"href":"https:\/\/disc-partners.com\/fr\/wp-json\/wp\/v2\/types\/product"}],"wp:featuredmedia":[{"embeddable":true,"href":"https:\/\/disc-partners.com\/fr\/wp-json\/wp\/v2\/media\/11771"}],"wp:attachment":[{"href":"https:\/\/disc-partners.com\/fr\/wp-json\/wp\/v2\/media?parent=11774"}],"wp:term":[{"taxonomy":"product_brand","embeddable":true,"href":"https:\/\/disc-partners.com\/fr\/wp-json\/wp\/v2\/product_brand?post=11774"},{"taxonomy":"product_cat","embeddable":true,"href":"https:\/\/disc-partners.com\/fr\/wp-json\/wp\/v2\/product_cat?post=11774"},{"taxonomy":"product_tag","embeddable":true,"href":"https:\/\/disc-partners.com\/fr\/wp-json\/wp\/v2\/product_tag?post=11774"}],"curies":[{"name":"wp","href":"https:\/\/api.w.org\/{rel}","templated":true}]}}