{"id":30263,"date":"2021-01-09T08:53:37","date_gmt":"2021-01-09T06:53:37","guid":{"rendered":"https:\/\/dev.disc-partners.com\/?page_id=30263"},"modified":"2026-02-27T15:43:58","modified_gmt":"2026-02-27T13:43:58","slug":"work-of-leaders","status":"publish","type":"page","link":"https:\/\/disc-partners.com\/fr\/test-de-personnalite-disc\/everything-disc\/work-of-leaders\/","title":{"rendered":"Work of Leaders"},"content":{"rendered":"<div class=\"et_pb_section_0 et_pb_section et_section_regular et_block_section\"><div class=\"et_pb_row_0 et_pb_row et_block_row\"><div class=\"et_pb_column_0 et_pb_column et_pb_column_4_4 et-last-child et_block_column et_pb_css_mix_blend_mode_passthrough\"><div class=\"et_pb_text_0 et_pb_text et_pb_bg_layout_light et_pb_module et_block_module\"><div class=\"et_pb_text_inner\"><h1 style=\"text-align: center;\"><span><span>EV<\/span><span>ERYTHING D<span>i<\/span>SC<\/span><\/span><span><span><span>WORK OF LEADERS<\/span><\/span><sup><span>\u00ae<\/span><\/sup><\/span><\/h1>\n<p><span style=\"width: 100%;\"><img decoding=\"async\" alt=\"\" width=\"46\" height=\"46\" title=\"ed-icons-disc\" data-id=\"24213\" src=\"https:\/\/disc-partners.com\/wp-content\/uploads\/ed-icons-disc.png\" style=\"\" loading=\"lazy\" data-width=\"46\" data-height=\"46\" data-init-width=\"46\" data-init-height=\"46\"\/><\/span><\/p>\n<h2 style=\"text-align: center;\">Vivre un atelier Everything DiSC<sup>\u00ae&nbsp;<\/sup>Work of Leaders<\/h2>\n<h3 style=\"text-align: center;\">Le leadership par le processus de vision, d\u2019alignement et d\u2019ex\u00e9cution<\/h3>\n<p style=\"text-align: center;\">Everything DiSC Work of Leaders\u00ae est un atelier de formation personnalis\u00e9 qui connecte des styles de leadership aux exigences du monde r\u00e9el. Il rassemble les meilleures pratiques de 300 experts, de plus de 150 organisations, le travail de chercheurs en plus de quatre ann\u00e9es de recherche et d\u00e9veloppement suppl\u00e9mentaires afin de proposer au participant un chemin concret vers un leadership plus efficace. Avec un mod\u00e8le de leadership unifi\u00e9 - Vision, alignement et ex\u00e9cution, il aide le dirigeant \u00e0 comprendre ses propre styles de leadership et la mani\u00e8re dont ses pr\u00e9f\u00e9rences influencent son efficacit\u00e9 dans des situations sp\u00e9cifiques. Attention ce profil est en anglais uniquement.<\/p>\n<p><span style=\"width: 100%;\"><img decoding=\"async\" alt=\"\" width=\"46\" height=\"46\" title=\"ed-icons-disc\" data-id=\"24213\" src=\"https:\/\/disc-partners.com\/wp-content\/uploads\/ed-icons-disc.png\" style=\"\" loading=\"lazy\" data-width=\"46\" data-height=\"46\" data-init-width=\"46\" data-init-height=\"46\"\/><\/span><\/p>\n<blockquote style=\"text-align: center;\"><p>\"Le c\u00f4t\u00e9 pratique de Work of Leaders parle \u00e0 Carhartt\u2026 On veut voir ce lien direct avec quelque chose d'aussi intimidant pour un adulte que : \u00abComment je dirige ?\u00bb. Avec Work of Leaders, nous arrivons \u00e0 le voir tous les jours.\"<\/p><\/blockquote>\n<p style=\"text-align: center;\">\u2014Chuck Jozwiak, Director of Talent Management, Carhartt, Inc<\/p>\n<p>Bas\u00e9 sur les meileures pratiques de <strong>leaders renomm\u00e9s,<\/strong> \u00e9crivains et entreprises , Work of Leaders connecte les <strong>styles de leadership<\/strong> aux exigences du quotidien. Ainsi, on gen\u00e8re des conversations intensives qui d\u00e9bouchent sur un plan d'action r\u00e9aliste. Alternativement, du <strong>coaching utilisant DiSC<\/strong>, cible des actions tangibles pour mieux engager un groupe de leaders.&nbsp;<\/p>\n<ul>\n<li>Un mod\u00e8le de leadership simple et pertinent<\/li>\n<li>Un levier pour favoriser vos forces et surmonter les d\u00e9fis<\/li>\n<li>Des pistes claires et personnalis\u00e9es pour s'am\u00e9liorer<\/li>\n<\/ul>\n<h2 style=\"text-align: center;\">Transformez votre culture de Leadership<\/h2>\n<p style=\"text-align: center;\">D\u00e9couvrez comment Everything DiSC Work of Leaders aide le dirigeant \u00e0 influencer et \u00e0 am\u00e9liorer l'efficacit\u00e9 de votre organisation. Everything DiSC Work of Leaders par disc partners (c'est nous) et son r\u00e9seau de consultants, de formateurs et de coach.<\/p>\n<h2 style=\"text-align: center;\">Comment pouvons-nous vous aider ?<\/h2>\n<\/div><\/div><\/div><\/div><\/div>","protected":false},"excerpt":{"rendered":"","protected":false},"author":2,"featured_media":0,"parent":19564,"menu_order":5,"comment_status":"closed","ping_status":"closed","template":"","meta":{"footnotes":""},"class_list":["post-30263","page","type-page","status-publish","hentry"],"_links":{"self":[{"href":"https:\/\/disc-partners.com\/fr\/wp-json\/wp\/v2\/pages\/30263","targetHints":{"allow":["GET"]}}],"collection":[{"href":"https:\/\/disc-partners.com\/fr\/wp-json\/wp\/v2\/pages"}],"about":[{"href":"https:\/\/disc-partners.com\/fr\/wp-json\/wp\/v2\/types\/page"}],"author":[{"embeddable":true,"href":"https:\/\/disc-partners.com\/fr\/wp-json\/wp\/v2\/users\/2"}],"replies":[{"embeddable":true,"href":"https:\/\/disc-partners.com\/fr\/wp-json\/wp\/v2\/comments?post=30263"}],"version-history":[{"count":1,"href":"https:\/\/disc-partners.com\/fr\/wp-json\/wp\/v2\/pages\/30263\/revisions"}],"predecessor-version":[{"id":58270,"href":"https:\/\/disc-partners.com\/fr\/wp-json\/wp\/v2\/pages\/30263\/revisions\/58270"}],"up":[{"embeddable":true,"href":"https:\/\/disc-partners.com\/fr\/wp-json\/wp\/v2\/pages\/19564"}],"wp:attachment":[{"href":"https:\/\/disc-partners.com\/fr\/wp-json\/wp\/v2\/media?parent=30263"}],"curies":[{"name":"wp","href":"https:\/\/api.w.org\/{rel}","templated":true}]}}