{"id":19564,"date":"2018-09-08T17:15:46","date_gmt":"2018-09-08T15:15:46","guid":{"rendered":"https:\/\/dev.disc-partners.com\/tests\/everything-disc-personality-test\/"},"modified":"2026-02-27T15:43:27","modified_gmt":"2026-02-27T13:43:27","slug":"everything-disc","status":"publish","type":"page","link":"https:\/\/disc-partners.com\/fr\/test-de-personnalite-disc\/everything-disc\/","title":{"rendered":"Everything Disc | Test de personnalit\u00e9"},"content":{"rendered":"<div class=\"et_pb_section_0 et_pb_section et_section_regular et_block_section\"><div class=\"et_pb_row_0 et_pb_row et_block_row\"><div class=\"et_pb_column_0 et_pb_column et_pb_column_4_4 et-last-child et_block_column et_pb_css_mix_blend_mode_passthrough\"><div class=\"et_pb_text_0 et_pb_text et_pb_bg_layout_light et_pb_module et_block_module\"><div class=\"et_pb_text_inner\"><h1 style=\"text-align: center;\">Everything DiSC<strong><sup>\u00ae&nbsp;<\/sup><\/strong>: lib\u00e9rez le potentiel humain&nbsp;<\/h1>\n<p><span style=\"width: 100%;\"><img decoding=\"async\" alt=\"\" width=\"46\" height=\"46\" title=\"ed-icons-disc\" data-id=\"24213\" src=\"https:\/\/disc-partners.com\/wp-content\/uploads\/ed-icons-disc.png\" style=\"\" loading=\"lazy\" data-width=\"46\" data-height=\"46\" data-init-width=\"46\" data-init-height=\"46\"\/><\/span><\/p>\n<p style=\"text-align: justify;\">DiSC est con\u00e7u pour vous aider \u00e0 mieux vous comprendre, et \u00e0 mieux comprendre les autres, pour ainsi <strong>am\u00e9liorer vos relations de travail<\/strong>, renforcer vos <strong>comp\u00e9tences manag\u00e9riales<\/strong> ou <strong>r\u00e9soudre vos conflits<\/strong> avec un <strong>nouvel \u00e9tat d'esprit<\/strong>.<\/p>\n<p style=\"text-align: justify;\">Everything DiSC existe en plusieurs applications, sp\u00e9cifiques, sp\u00e9cifiques au contexte du <strong>dirigeant<\/strong>, du <strong>manager de proximit\u00e9<\/strong>, du membre d'une <strong>\u00e9quipe<\/strong>, ou du <strong>vendeur<\/strong>.&nbsp;<\/p>\n<p style=\"text-align: justify;\">Everything DiSC a fait l'objet de 40 ans de recherche. Le profil papier DiSC Classic fut le premi\u00e8r du genre !<\/p>\n<h2><strong>Everything DiSC<\/strong><strong><sup>\u00ae<\/sup><\/strong><strong><span style=\"font-size: 25px;\">Test de Personnalit\u00e9 en Entreprise <\/span><\/strong><\/h2>\n<h2 style=\"text-align: center;\">DiSC : un mod\u00e8le en 4 couleurs simple \u00e0 utiliser et retenir<\/h2>\n<p style=\"text-align: justify;\"><strong>Qu\u2019est-ce que le test Everything DiSC<\/strong> repr\u00e9sent\u00e9 par des <strong>couleurs rouge, jaune, vert et bleu<\/strong> ? Tous les <strong>profils DiSC<\/strong> proviennent d'un mod\u00e8le tr\u00e8s simple compos\u00e9 de quatre <strong>styles de personnalit\u00e9<\/strong> : D, I, S et C. Chaque personne poss\u00e8de une combinaison propre des quatre styles DiSC, avec g\u00e9n\u00e9ralement un, deux ou m\u00eame trois styles qui ressortent davantage.Les <strong>tests de personnalit\u00e9 Everything DiSC<\/strong> ne valorisent pas un profil type en particulier car chaque personne a un profil comportemental unique. Les gens ont tous des styles et des priorit\u00e9s diff\u00e9rentes. Ces diff\u00e9rences sont extr\u00eamement pr\u00e9cieuses. Exploiter chaque <strong>type de personnalit\u00e9 en entreprise<\/strong> permet d\u2019optimiser la communication dans le milieu du travail.Les <strong>profils Everything DiSC<\/strong> utilisent une \u00e9valuation avanc\u00e9e (adaptative et des algorithmes sophistiqu\u00e9s pour analyser rapidement les r\u00e9ponses d'une personne et fournir un retour personnalis\u00e9. Cela ne prend que 15 minutes environ.<\/p>\n<p><span style=\"width: 100%;\"><img decoding=\"async\" alt=\"Everything DiSC solutions DiSC classic disc partners\" title=\"Everything DiSC and Classic graph\" data-id=\"1090\" src=\"\/\/www.disc-partners.com\/wp-content\/uploads\/ed_classic_graphs.png\" style=\"\" width=\"270\" height=\"271\" loading=\"lazy\" data-width=\"270\" data-height=\"271\" data-init-width=\"597\" data-init-height=\"600\"\/><\/span><\/p>\n<h2 style=\"text-align: center;\">DiSC: une \u00e9valuation, un profil, des outils d'apprentissage en atelier et de suivi<\/h2>\n<p><span style=\"width: 100%;\"><img decoding=\"async\" alt=\"Everything DiSC Icon Assessment\" width=\"100\" height=\"100\" title=\"Everything DiSC Icon Assessment\" data-id=\"24307\" src=\"https:\/\/disc-partners.com\/wp-content\/uploads\/ed-icons-assessment.png\" style=\"\" data-width=\"100\" data-height=\"100\" data-init-width=\"100\" data-init-height=\"100\" loading=\"lazy\"\/><\/span><\/p>\n<p style=\"text-align: center;\">L'\u00c9VALUATION<\/p>\n<p style=\"text-align: left;\">Propuls\u00e9 par plus de 40 ans de recherche, chaque \u00e9valuation de personnalit\u00e9 Everything DiSC combine des tests adaptatifs et des algorithmes sophistiqu\u00e9s pour fournir des informations pr\u00e9cises \u00e0 chaque participant. Ces informations jettent les bases d'une exp\u00e9rience personnalis\u00e9e riche de \u00abaha!\u00bb moments qui inspirent un changement de comportement.<\/p>\n<p><span style=\"width: 100%;\"><img decoding=\"async\" alt=\"Everything DiSC Icon Assessment\" width=\"100\" height=\"100\" title=\"Everything DiSC Icon Profile\" data-id=\"24309\" src=\"https:\/\/disc-partners.com\/wp-content\/uploads\/ed-icons-profile.png\" style=\"\" loading=\"lazy\" data-width=\"100\" data-height=\"100\" data-init-width=\"100\" data-init-height=\"100\"\/><\/span><\/p>\n<p style=\"text-align: center;\">LE PROFIL<\/p>\n<p style=\"text-align: left;\">Le contenu personnalis\u00e9 du profil approfondit la compr\u00e9hension de soi gr\u00e2ce au mod\u00e8le DiSC. Les gens ont un aper\u00e7u de leurs propres pr\u00e9f\u00e9rences et tendances, en apprennent davantage sur les relations avec les autres et re\u00e7oivent des strat\u00e9gies exploitables pour les aider \u00e0 am\u00e9liorer leurs interactions et, finalement, leurs performances.<\/p>\n<p><span style=\"width: 100%;\"><img decoding=\"async\" alt=\"Everything DiSC Icon Workshop\" width=\"100\" height=\"100\" title=\"Everything DiSC Icon Workshop\" data-id=\"24311\" src=\"https:\/\/disc-partners.com\/wp-content\/uploads\/ed-icons-classroom.png\" style=\"\" loading=\"lazy\" data-width=\"100\" data-height=\"100\" data-init-width=\"100\" data-init-height=\"100\"\/><\/span><\/p>\n<p style=\"text-align: center;\">L'ATELIER<\/p>\n<p style=\"text-align: left;\">Le profil prend vie dans une exp\u00e9rience d'atelier qui engage et \u00e9duque. Des outils de facilitation faciles \u00e0 utiliser, y compris du contenu sc\u00e9naris\u00e9, des vid\u00e9os contemporaines et des activit\u00e9s percutantes, peuvent \u00eatre personnalis\u00e9s pour r\u00e9pondre aux besoins sp\u00e9cifiques de votre personnel et de votre organisation.<\/p>\n<p><span style=\"width: 100%;\"><img decoding=\"async\" alt=\"Everything DiSC Icon Follow-up Tools\" width=\"100\" height=\"100\" title=\"Everything DiSC Icon Follow-up Tools\" data-id=\"24313\" src=\"https:\/\/disc-partners.com\/wp-content\/uploads\/ed-icons-followup.png\" style=\"\" loading=\"lazy\" data-width=\"100\" data-height=\"100\" data-init-width=\"100\" data-init-height=\"100\"\/><\/span><\/p>\n<p style=\"text-align: center;\">OUTILS DE SUIVI<\/p>\n<p style=\"text-align: left;\">Une suite de ressources de suivi rend possible un changement de comportement durable en gardant Everything DiSC en vie sur le lieu de travail. Les participants peuvent approfondir leur style DiSC et avoir un aper\u00e7u de la culture DiSC de leur \u00e9quipe ou de leur service.<\/p>\n<h2 style=\"text-align: center;\">La suite d'applications Everything DiSC<\/h2>\n<p style=\"text-align: center;\">Chaque application sp\u00e9cifique Everything DiSC est con\u00e7ue pour aider le participant \u00e0 mieux se comprendre et \u00e0 mieux comprendre les autres. Qu'il s'agisse d'am\u00e9liorer les relations au travail, de renforcer les comp\u00e9tences en management, l'impact du leadership ou de r\u00e9soudre un conflit avec un nouvel \u00e9tat d'esprit, Everything DiSC permet de comprendre et propose des strat\u00e9gies pour r\u00e9pondre aux besoins de votre personnel et enrichir la culture de l'entreprise.<\/p>\n<h3 style=\"text-align: center;\">Workplace<\/h3>\n<p><span style=\"width: 100%;\"><img decoding=\"async\" alt=\"Everything DiSC Icon Follow-up Tools\" width=\"125\" height=\"126\" title=\"Everything DiSC Icon Workplace\" data-id=\"24324\" src=\"https:\/\/disc-partners.com\/wp-content\/uploads\/ed-icons-workplace.png\" style=\"\" loading=\"lazy\" data-width=\"125\" data-height=\"126\" data-init-width=\"181\" data-init-height=\"182\"\/><\/span><\/p>\n<p style=\"text-align: center;\">Incitez chaque individu \u00e0 construire desrelations plus efficaces au travail<\/p>\n<p style=\"text-align: center;\"><strong>Mon avantage<\/strong><\/p>\n<ul>\n<li><span>D\u00e9couverte de soi en profondeur<\/span><\/li>\n<li><span>Appr\u00e9cier les diff\u00e9rences de styles de travail<\/span><\/li>\n<li><span>Strat\u00e9gies pour des interactions efficaces<\/span><\/li>\n<\/ul>\n<h3 style=\"text-align: center;\">Management<\/h3>\n<p><span style=\"width: 100%;\"><img decoding=\"async\" alt=\"Everything DiSC Icon Management\" width=\"125\" height=\"126\" title=\"Everything DiSC Icon Management\" data-id=\"24328\" src=\"https:\/\/disc-partners.com\/wp-content\/uploads\/ed-icons-management.png\" style=\"\" loading=\"lazy\" data-width=\"125\" data-height=\"126\" data-init-width=\"181\" data-init-height=\"182\"\/><\/span><\/p>\n<p style=\"text-align: center;\">Aide le manager \u00e0 mieux impliquer, motiveret d\u00e9velopper ses collaborateurs.<\/p>\n<p style=\"text-align: center;\"><strong>Mon avantage<\/strong><\/p>\n<ul>\n<li style=\"\"><span>Mon style pr\u00e9f\u00e9r\u00e9 de management<\/span><\/li>\n<li style=\"\"><span>Mieux diriger, d\u00e9l\u00e9guer &amp; motiver&nbsp;<\/span><\/li>\n<li style=\"\"><span>Strategies de d\u00e9veloppement long termes<\/span><\/li>\n<\/ul>\n<h3 style=\"text-align: center;\">Productive Conflict<\/h3>\n<p><span style=\"width: 100%;\"><img decoding=\"async\" alt=\"Everything DiSC Icon Productive Conflict\" width=\"125\" height=\"126\" title=\"Everything DiSC Icon Productive Conflict\" data-id=\"24339\" src=\"https:\/\/disc-partners.com\/wp-content\/uploads\/ed-icons-productiveconflict.png\" style=\"\" loading=\"lazy\" data-width=\"125\" data-height=\"126\" data-init-width=\"181\" data-init-height=\"182\"\/><\/span><\/p>\n<p style=\"text-align: center;\">Du conflit \u00e0 l'opportunit\u00e9 : du comportement destructif aux r\u00e9ponses constructives.<\/p>\n<p style=\"text-align: center;\"><strong>Mon avantage<\/strong><\/p>\n<ul>\n<li style=\"\">Mes r\u00e9actions au conflit<\/li>\n<li>L'impact sur les autres, r\u00e9actions au conflit<\/li>\n<li>R\u00e9action : destructive \u00e0 constructive<\/li>\n<\/ul>\n<h3 style=\"text-align: center;\">Sales <span style=\"font-size: 19px;\">(<span style=\"font-weight: normal;\">en anglais<\/span>)<\/span><\/h3>\n<p><span style=\"width: 100%;\"><img decoding=\"async\" alt=\"Agile EQ\" width=\"125\" height=\"125\" title=\"ed-icons-agileEQ\" data-id=\"27956\" src=\"https:\/\/disc-partners.com\/wp-content\/uploads\/ed-icons-agileEQ.png\" style=\"\" loading=\"lazy\" data-width=\"125\" data-height=\"125\" data-init-width=\"500\" data-init-height=\"500\"\/><\/span><\/p>\n<p style=\"text-align: center;\">Le vendeur adopte une conduite pour s\u2019adapter aux pr\u00e9f\u00e9rences des clients<\/p>\n<p style=\"text-align: center;\"><strong><\/strong><strong>Mon avantage<\/strong><\/p>\n<ul>\n<li style=\"\"><span>D\u00e9couvrte de mon style de vente<\/span><\/li>\n<li style=\"\"><span>Appr\u00e9ciation des diff\u00e9rences de style<\/span><\/li>\n<li style=\"\"><span>Adapter mon approche commerciale au besoins et au style du client<\/span><\/li>\n<\/ul>\n<h3 style=\"text-align: center;\">Work of Leaders <span style=\"font-weight: normal;\"><span style=\"font-size: 19px;\">(anglais)<\/span><\/span><\/h3>\n<p><span style=\"width: 100%;\"><img decoding=\"async\" alt=\"Everything DiSC Icon Work of Leaders\" width=\"125\" height=\"126\" title=\"Everything DiSC Icon Work of Leaders\" data-id=\"24341\" src=\"https:\/\/disc-partners.com\/wp-content\/uploads\/ed-icons-workofleaders.png\" style=\"\" loading=\"lazy\" data-width=\"125\" data-height=\"126\" data-init-width=\"181\" data-init-height=\"182\"\/><\/span><\/p>\n<p style=\"text-align: center;\">Leaders percutants gr\u00e2ce au processus de vision, d\u2019alignement et d\u2019ex\u00e9cution<\/p>\n<p style=\"text-align: center;\"><strong><\/strong><strong><\/strong><strong>Mon avantage<\/strong><\/p>\n<ul>\n<li style=\"\">Un mod\u00e8le de leadership simple&nbsp;<\/li>\n<li style=\"\">Perspectives personnalis\u00e9es pour se renforcer et surmonter les d\u00e9fis<\/li>\n<li style=\"\">Un chemin clair d'am\u00e9lioration<\/li>\n<\/ul>\n<h3 style=\"text-align: center;\">Agile EQ <span style=\"font-weight: normal;\"><span style=\"font-size: 19px;\">(anglais)<\/span><\/span><\/h3>\n<p><span style=\"width: 100%;\"><img decoding=\"async\" alt=\"Everything DiSC Icon Sales\" width=\"125\" height=\"126\" title=\"Everything DiSC Icon Sales\" data-id=\"24330\" src=\"https:\/\/disc-partners.com\/wp-content\/uploads\/ed-icons-sales.png\" style=\"\" loading=\"lazy\" data-width=\"125\" data-height=\"126\" data-init-width=\"181\" data-init-height=\"182\"\/><\/span><\/p>\n<p style=\"text-align: center;\">Acqu\u00e9rir l'intelligence \u00e9motionnelle n\u00e9cessaire pour une culture agile<\/p>\n<p style=\"text-align: center;\"><strong><\/strong><strong><\/strong><strong>Mon avantage<\/strong><\/p>\n<ul>\n<li style=\"\"><span>D\u00e9couvrez vos forces QE<\/span><\/li>\n<li style=\"\"><span>Reconnaissez votre potentiel QE<\/span><\/li>\n<li style=\"\"><span>Une strat\u00e9gie sur mesure pour affiner et renforcer vore QE<\/span><\/li>\n<\/ul>\n<p><span style=\"width: 100%;\"><img decoding=\"async\" alt=\"\" width=\"46\" height=\"46\" title=\"ed-icons-disc\" data-id=\"24213\" src=\"https:\/\/disc-partners.com\/wp-content\/uploads\/ed-icons-disc.png\" style=\"\" loading=\"lazy\" data-width=\"46\" data-height=\"46\" data-init-width=\"46\" data-init-height=\"46\"\/><\/span><\/p>\n<h2 style=\"text-align: center;\">Ressources: histoire et recherche Everything DiSC<\/h2>\n<p style=\"text-align: justify;\">Les <strong>\u00e9valuations psychom\u00e9triques<\/strong> servent \u00e0 mesurer les qualit\u00e9s abstraites que nous ne pouvons ni toucher ni voir. Des caract\u00e9ristiques telles que <strong>l'intelligence, l'extraversion<\/strong> ou <strong>l'honn\u00eatet\u00e9<\/strong> peuvent \u00eatre mesur\u00e9es, mais les <strong>\u00e9valuations <\/strong>fournissent-elles des informations pr\u00e9cises \u00e0 leur propos ou g\u00e9n\u00e8rent-elles simplement des r\u00e9actions qui semblent cr\u00e9dibles? D\u00e9couvrez ce qu'est la validation et comment les chercheurs \u00e9valuent la <strong>qualit\u00e9 des instruments psychom\u00e9triques<\/strong>. Les rapports ci-dessous sont en anglais.<\/p>\n<p><a href=\"https:\/\/disc-partners.com\/documents\/Everything_DiSC_Research_Report_AT.pdf\" target=\"_blank\" rel=\"noopener\"><span style=\"width: 100%;\"><img decoding=\"async\" alt=\"Everything DiSC resources research report\" width=\"300\" height=\"200\" title=\"Everything DiSC Research Report | click on me to see the report\" data-id=\"24352\" src=\"https:\/\/disc-partners.com\/wp-content\/uploads\/ed-resources-researchreport.jpg\" style=\"\" loading=\"lazy\"\/><\/span><span style=\"width: 100%;\"><img decoding=\"async\" alt=\"\" width=\"100\" height=\"100\" title=\"\" data-id=\"24354\" src=\"https:\/\/disc-partners.com\/wp-content\/uploads\/ed-icons-resources-research.png\" style=\"\" loading=\"lazy\" data-width=\"100\" data-height=\"100\" data-init-width=\"100\" data-init-height=\"100\"\/><\/span><\/p>\n<p style=\"text-align: center;\">Everything DiSC Research Report <span style=\"font-size: 19px;\">(anglais)<\/span><\/p>\n<p style=\"text-align: center;\"><strong>RECHERCHE<\/strong><\/p>\n<p><\/a><a href=\"https:\/\/disc-partners.com\/documents\/Everything-DiSC-resources-historyofdisc-timeline.pdf\" target=\"_blank\" rel=\"noopener\"><span style=\"width: 100%;\"><img decoding=\"async\" alt=\"Everyhing DiSC Timeline\" width=\"300\" height=\"200\" title=\"Everything DiSC Timeline | click on me to see the report\" data-id=\"24362\" src=\"https:\/\/disc-partners.com\/wp-content\/uploads\/ed-resources-history.jpg\" style=\"\" loading=\"lazy\"\/><\/span><span style=\"width: 100%;\"><img decoding=\"async\" alt=\"\" width=\"100\" height=\"100\" title=\"\" data-id=\"24354\" src=\"https:\/\/disc-partners.com\/wp-content\/uploads\/ed-icons-resources-research.png\" style=\"\" loading=\"lazy\" data-width=\"100\" data-height=\"100\" data-init-width=\"100\" data-init-height=\"100\"\/><\/span><\/p>\n<p style=\"text-align: center;\">L'histoire deEverything DiSC<\/p>\n<p style=\"text-align: center;\"><strong>HISTOIRE<\/strong><\/p>\n<p><\/a><a href=\"https:\/\/disc-partners.com\/documents\/Everything-DiSC-resources-aboutdisc.pdf\" target=\"_blank\" rel=\"noopener\"><span style=\"width: 100%;\"><img decoding=\"async\" alt=\"Everything DiSC Theory | about DiSC\" width=\"300\" height=\"200\" title=\"Everything DiSC Theory  | click on me to see the report\" data-id=\"24374\" src=\"https:\/\/disc-partners.com\/wp-content\/uploads\/ed-resources-aboutdisc.jpg\" style=\"\" loading=\"lazy\"\/><\/span><span style=\"width: 100%;\"><img decoding=\"async\" alt=\"\" width=\"100\" height=\"100\" title=\"\" data-id=\"24354\" src=\"https:\/\/disc-partners.com\/wp-content\/uploads\/ed-icons-resources-research.png\" style=\"\" loading=\"lazy\" data-width=\"100\" data-height=\"100\" data-init-width=\"100\" data-init-height=\"100\"\/><\/span><\/p>\n<p style=\"text-align: center;\">Everything DiSC :Th\u00e9orie et recherche<\/p>\n<p style=\"text-align: center;\"><strong>RECHERCHE<\/strong><\/p>\n<p><\/a><\/p>\n<p style=\"text-align: justify;\"><img decoding=\"async\" src=\"https:\/\/disc-partners.com\/wp-content\/uploads\/pdficon_small.png\" alt=\"PDF file\" width=\"16\" height=\"16\" border=\"0\" loading=\"lazy\"\/>&nbsp;<a href=\"https:\/\/disc-partners.com\/documents\/PPS%202800%20research_report_pp.pdf\" rel=\"alternate noopener\" target=\"_blank\" title=\"Adaptive testing research report (new window)\" style=\"outline: none;\">The Personal Profile System<\/a>. <span style=\"color: var(--tcb-color-5);\">C\u2019est un h\u00e9ritage : le Personal Profile System (version PPS2800), est sorti en 1993, quand la premiere version d'un questionnaire disc est sorti dans les ann\u00e9es '70. Ce rapport de recherche date de 1994 et apporte un \u00e9clairage int\u00e9ressant sur la fiabilit\u00e9 et la validit\u00e9 de DiSC Classic 2.0 en comparaison des versions pr\u00e9c\u00e9dentes. Ces derni\u00e8res se basaient sur un questionnaire \u00e0 choix multiple de 24 \u00e9l\u00e9ments, toujours utilis\u00e9 sur le march\u00e9 par plusieurs fournisseurs qui proposent des solutions disc.<\/span><\/p>\n<h2 style=\"text-align: center;\">Comment pouvons-nous vous aider ?<\/h2>\n<\/div><\/div><\/div><\/div><\/div>","protected":false},"excerpt":{"rendered":"","protected":false},"author":2,"featured_media":0,"parent":51741,"menu_order":2,"comment_status":"closed","ping_status":"closed","template":"","meta":{"footnotes":""},"class_list":["post-19564","page","type-page","status-publish","hentry"],"_links":{"self":[{"href":"https:\/\/disc-partners.com\/fr\/wp-json\/wp\/v2\/pages\/19564","targetHints":{"allow":["GET"]}}],"collection":[{"href":"https:\/\/disc-partners.com\/fr\/wp-json\/wp\/v2\/pages"}],"about":[{"href":"https:\/\/disc-partners.com\/fr\/wp-json\/wp\/v2\/types\/page"}],"author":[{"embeddable":true,"href":"https:\/\/disc-partners.com\/fr\/wp-json\/wp\/v2\/users\/2"}],"replies":[{"embeddable":true,"href":"https:\/\/disc-partners.com\/fr\/wp-json\/wp\/v2\/comments?post=19564"}],"version-history":[{"count":1,"href":"https:\/\/disc-partners.com\/fr\/wp-json\/wp\/v2\/pages\/19564\/revisions"}],"predecessor-version":[{"id":58255,"href":"https:\/\/disc-partners.com\/fr\/wp-json\/wp\/v2\/pages\/19564\/revisions\/58255"}],"up":[{"embeddable":true,"href":"https:\/\/disc-partners.com\/fr\/wp-json\/wp\/v2\/pages\/51741"}],"wp:attachment":[{"href":"https:\/\/disc-partners.com\/fr\/wp-json\/wp\/v2\/media?parent=19564"}],"curies":[{"name":"wp","href":"https:\/\/api.w.org\/{rel}","templated":true}]}}