{"id":16784,"date":"2018-01-15T17:39:28","date_gmt":"2018-01-15T15:39:28","guid":{"rendered":"https:\/\/dev.disc-partners.com\/what-is-disc\/simple-use-disc-personality-test-5-steps\/"},"modified":"2026-02-27T15:43:26","modified_gmt":"2026-02-27T13:43:26","slug":"test-personnalite-disc","status":"publish","type":"page","link":"https:\/\/disc-partners.com\/fr\/test-de-personnalite-disc\/test-personnalite-disc\/","title":{"rendered":"Everything DiSC | Fonctionnement"},"content":{"rendered":"<h1 style=\"text-align: center;\">DiSC test de personnalit\u00e9 : la m\u00e9thode pour maitriser<\/h1>\n<a href=\"https:\/\/disc-partners.com\/fr\/ed-icons-disc-2\/\"><img loading=\"lazy\" decoding=\"async\" title=\"ed-icons-disc\" src=\"https:\/\/disc-partners.com\/wp-content\/uploads\/ed-icons-disc.png\" alt=\"Improve business performance disc personality test icon\" width=\"46\" height=\"46\" data-id=\"24214\" data-init-width=\"46\" data-init-height=\"46\" data-width=\"46\" data-height=\"46\" data-link-wrap=\"true\" \/><\/a>\n<h2><strong>\u00c9tape 1: D\u00e9terminez quel test de personnalit\u00e9 DiSC\u00a0<\/strong><\/h2>\nToute \u00e9tape au-del\u00e0 de l'\u00e9tape 1 suppose que vous avez:\n<ol>\n \t<li><span style=\"font-size: 17px;\">D\u00e9j\u00e0 choisi pour travailler avec des partenaires de disque,<\/span><\/li>\n \t<li><span style=\"font-size: 17px;\">Pass\u00e9 par le processus de s\u00e9lection des produits et,<\/span><\/li>\n \t<li><span style=\"font-size: 17px;\">Vous avez achet\u00e9 votre code d'acc\u00e8s. C'est \u00e0 ce moment-l\u00e0 que vous commencez vraiment \u00e0 entrer dans le monde de DiSC.<\/span><\/li>\n<\/ol>\nChez les partenaires de disque, nous sommes un <strong>partenaire Wiley<\/strong> autoris\u00e9. Nous vous aidons \u00e0 acheter des <strong>\u00e9valuations DiSC<\/strong>, ce qui leur permet avec le minimum d'effort. Avec votre plateforme de gestion de profil, vos outils de facilitation et de suivi, vous d\u00e9marrez votre <strong>exp\u00e9rience DiSC<\/strong> inspirante.\n<h4>Que faire si vous n'avez pas encore votre (vos) code (s) d'acc\u00e8s? Cela signifie probablement que vous n'\u00eates pas tout \u00e0 fait pr\u00eat ... Voici ce que vous pouvez faire<\/h4>\n<h3>Vous ne disposez d'aucune ressource de facilitation interne<\/h3>\n<em>Chez Disc Partners, nous sommes des formateurs Wiley Authorized Partner et Master Certified Everything DiSC. Nous offrons la gamme compl\u00e8te de produits Wiley DiSC disponibles, utilis\u00e9s dans des sessions d'apprentissage ou de formation facilit\u00e9es. Ici vous trouvez les options qui s'offrent \u00e0 vous<\/em>\n\n<strong><span style=\"font-size: 17px;\">Option 1: Vous avez besoin \u00e0 la fois de l'\u00e9valuation (profils) et des ressources de formation (un animateur) pour animer l'atelier DiSC.<\/span><\/strong>Si vous avez besoin d'aide pour prendre les bonnes d\u00e9cisions li\u00e9es \u00e0 la formation et au coaching, envisagez de nous contacter directement.\n\nVous devrez acheter 2 \u00e9l\u00e9ments:\n<ul>\n \t<li><span style=\"font-size: 16px;\"><strong>Un rapport d'\u00e9valuation et de profil DiSC (pour chaque r\u00e9pondant \/ apprenant).\u00a0<\/strong>Chaque participant doit recevoir 1 code d'acc\u00e8s au test de personnalit\u00e9 DiSC (un questionnaire en ligne) + 1 rapport de profil de test de personnalit\u00e9 DiSC.\u00a0<\/span><a style=\"font-size: 17px; font-family: Raleway, sans-serif; outline: none;\" href=\"https:\/\/disc-partners.com\/fr\/categorie-produit\/categorie\/evaluations-profils\/\">Achetez un test de personnalit\u00e9 DiSC + un rapport personnel DiSC pour vos participants \/ apprenants<\/a><\/li>\n \t<li>Un atelier d'\u00e9quipe facilit\u00e9.\u00a0Au choix : formation d'\u00e9quipe DiSC de deux jours, formation d'\u00e9quipe DiSC d'un jour, formation d'\u00e9quipe DiSC d'une demi-journ\u00e9e (+) Coaching individuel DiSC. <a style=\"outline: none; display: inline-block;\" href=\"https:\/\/disc-partners.com\/fr\/categorie-produit\/categorie\/evaluations-profils\/\">Buy a DiSC personality test + report + training or coaching<\/a><\/li>\n<\/ul>\n<h3>Vous disposez de ressources de facilitation internes<\/h3>\n<strong>Option 2: Vous n'avez besoin que des rapports d'\u00e9valuation et de profil et dirigerez votre atelier DiSC avec des ressources internes ou d'autres ressources<\/strong>\n\nVous pouvez acheter:\n<ul>\n \t<li><strong>\u00c9valuations DiSC et rapport (s) de profil\u00a0<\/strong>(chaque participant re\u00e7oit 1 test de personnalit\u00e9 DiSC + 1 rapport de profil de personnalit\u00e9 DiSC). <a style=\"outline: none; display: inline-block;\" href=\"https:\/\/disc-partners.com\/fr\/categorie-produit\/categorie\/evaluations-profils\/\">Acheter un test de personnalit\u00e9 DiSC + un rapport de profil de test de personnalit\u00e9 DiSC<\/a>.<\/li>\n \t<li><strong>Cr\u00e9dits EPIC<\/strong>.Pour ceux qui ont achet\u00e9 un acc\u00e8s \u00e0 la plateforme de gestion de profil en ligne EPIC, les cr\u00e9dits EPIC vous permettent d'acheter une quantit\u00e9 pr\u00e9d\u00e9termin\u00e9e de chaque test de personnalit\u00e9 DiSC (test de personnalit\u00e9 DiSC + rapport de profil de test de personnalit\u00e9 DiSC).<\/li>\n<\/ul>\nVous pouvez acheter vos profils DiSC et diriger votre atelier DiSC de mani\u00e8re autonome.\n\nVisiter le <a style=\"outline: none; display: inline-block;\" href=\"https:\/\/disc-partners.com\/fr\/produits-disc\/boutique\/\">MAGASIN<\/a> ou\u00a0<a style=\"outline: none; display: inline-block;\" href=\"https:\/\/disc-partners.com\/fr\/contact\/\">Appelez-nous<\/a> si vous avez besoin de soutien.\n<h2 style=\"text-align: left;\"><strong>Etape 2: Test de personnalit\u00e9 DiSC<\/strong><\/h2>\n<span style=\"width: 100%;\"><img loading=\"lazy\" decoding=\"async\" title=\"questionaire-1\" src=\"\/\/www.disc-partners.com\/wp-content\/uploads\/questionaire-1.png\" alt=\"\" width=\"467\" height=\"240\" data-id=\"3902\" \/><\/span>\n<p data-empty=\"true\"><strong>R\u00e9pondez au questionnaire en ligne sur le comportement pr\u00e9f\u00e9r\u00e9<\/strong><\/p>\n\n<ol>\n \t<li style=\"text-align: justify;\">Vous avez re\u00e7u un code <strong>d'acc\u00e8s au test de personnalit\u00e9 DiSC<\/strong> dans votre bo\u00eete de r\u00e9ception. Cliquez sur le lien fourni dans cet e-mail et passez \u00e0 l'\u00e9tape suivante (ne supprimez pas l'e-mail, dont vous pourriez avoir besoin plus tard).<\/li>\n \t<li style=\"text-align: justify;\">Vous r\u00e9pondez \u00e0 un <strong>questionnaire simple<\/strong>, sur votre comportement.<\/li>\n<\/ol>\n<p style=\"text-align: justify;\">Obtenez une meilleure compr\u00e9hension de la diff\u00e9rence entre un test et une \u00e9valuation, dans la section FAQ (menu sup\u00e9rieur) consultez: test et \u00e9valuation, quelle est la diff\u00e9rence? Indice: il n'y a pas de bonnes ou de mauvaises r\u00e9ponses.<\/p>\n\n<h2 style=\"text-align: left;\"><strong>\u00c9tape 3: Apprenez de votre rapport de profil DiSC<\/strong><\/h2>\n<p style=\"text-align: justify;\">D\u00e9couvrez le <strong>test de personnalit\u00e9 DiSC<\/strong> et le rapport de profil. La plateforme <strong>\u00e9valuation en ligne<\/strong> produit un <strong>rapport de profil DiSC<\/strong>. Il d\u00e9crit votre <strong>style de comportement unique, vos tendances, vos besoins, votre environnement pr\u00e9f\u00e9r\u00e9 et vos strat\u00e9gies pour un comportement efficace<\/strong>. Ils vous aident \u00e0 <strong>en savoir plus sur vos forces<\/strong> et vos d\u00e9fis, qui restent simples \u00e0 comprendre.<\/p>\n<p style=\"text-align: justify;\">Chaque rapport de profil DiSC comprend \u00e9galement des informations sur tous les autres <strong>styles DiSC<\/strong>, afin que vous puissiez observer les gens autour de vous et comparer. N'oubliez pas qu'il n'y a pas de bien ou de mal dans DiSC.<\/p>\n<p style=\"text-align: justify;\"><span style=\"font-size: 17px; color: var(--tcb-color-5); font-family: 'Open Sans'; font-weight: 400;\">Les animateurs utilisent souvent les rapports de groupe DiSC ou d'autres rapports disponibles pour fournir plus d'informations et une\u00a0<\/span><span style=\"font-size: 17px; color: var(--tcb-color-5); font-family: 'Open Sans';\"><strong>meilleure compr\u00e9hension de votre \u00e9quipe, groupe<\/strong><\/span><span style=\"font-size: 17px; color: var(--tcb-color-5); font-family: 'Open Sans'; font-weight: 400;\">, clients ou coll\u00e8gues<\/span>.<\/p>\n<a href=\"https:\/\/www.everythingdisc.com\/EverythingDisc\/media\/EverythingDiscMediaLibrary\/Solutions\/Workplace\/Profile\/Sample-ED-Workplace-Profile_20180227.pdf\" target=\"_blank\" rel=\"noopener nofollow\"><img loading=\"lazy\" decoding=\"async\" title=\"Adopt Everything DiSC click to see a Workplace profile report sample\" src=\"\/\/www.disc-partners.com\/wp-content\/uploads\/rapport-2.png\" alt=\"adopt-everything-disc-workplace-profile-report-sample\" width=\"493\" height=\"369\" data-id=\"4181\" data-width=\"493\" data-height=\"369\" data-init-width=\"1600\" data-init-height=\"1200\" \/><\/a>\n<h2><strong>\u00c9tape 4: Activit\u00e9s pratiques avec le profil DiSC<\/strong><\/h2>\nSi vous vous arr\u00eatez \u00e0 ce stade, vous manquez potentiellement 90% de la valeur que le rapport de profil DiSC ajouterait \u00e0 vos <strong>connaissances<\/strong> et <strong>comp\u00e9tences<\/strong>. La partie impactante de votre <strong>exp\u00e9rience DiSC<\/strong> commence \u00e0 l'\u00e9tape 3 et les activit\u00e9s de mise en \u0153uvre que vous associez aux recommandations du rapport \u00e0 l'\u00e9tape 4. Deux options existent, impl\u00e9mentez en <strong>individu<\/strong> ou en <strong>groupe<\/strong>:\n\n<span style=\"width: 100%;\"><a href=\"https:\/\/disc-partners.com\/fr\/ed-productiveconflict-profile-2\/\"><img loading=\"lazy\" decoding=\"async\" title=\"ed-productiveconflict-profile\" src=\"https:\/\/disc-partners.com\/wp-content\/uploads\/ed-productiveconflict-profile.png\" alt=\"Everything DiSC Productive Conflict Profile\" width=\"483\" height=\"290\" data-id=\"24622\" data-width=\"483\" data-height=\"290\" data-init-width=\"500\" data-init-height=\"300\" data-link-wrap=\"true\" \/><\/a><\/span>\n\nInterpr\u00e9tation du rapport de profil DiSC pour les particuliers\n\nCette option convient au <strong>d\u00e9veloppement personnel<\/strong> et au coaching. C'est un choix fr\u00e9quent pour les <strong>dirigeants<\/strong> ou pour la <strong>direction<\/strong>. Alternativement, <strong>l'atelier en \u00e9quipe<\/strong> est un choix logique pour <strong>d\u00e9velopper une \u00e9quipe<\/strong>.\n\nInterpr\u00e9tation du rapport de profil DiSC: groupes et \u00e9quipes\n\n<span style=\"font-size: 17px; font-family: 'Open Sans'; font-weight: 400; color: var(--tcb-color-5);\">Proc\u00e9der \u00e0 un\u00a0<\/span><span style=\"font-size: 17px; font-family: 'Open Sans'; color: var(--tcb-color-5);\"><strong>atelier, coaching de groupe<\/strong><\/span><span style=\"font-size: 17px; font-family: 'Open Sans'; font-weight: 400; color: var(--tcb-color-5);\">\u00a0ou session en ligne. Cela permettra\u00a0<\/span><span style=\"font-size: 17px; font-family: 'Open Sans'; color: var(--tcb-color-5);\"><strong>les interactions d'\u00e9quipe, la coh\u00e9sion<\/strong><\/span><span style=\"font-size: 17px; font-family: 'Open Sans'; font-weight: 400; color: var(--tcb-color-5);\">\u00a0et l'efficacit\u00e9. Exp\u00e9rimentez des r\u00e9sultats imm\u00e9diats et visibles suite \u00e0 votre\u00a0<\/span><span style=\"font-size: 17px; font-family: 'Open Sans'; color: var(--tcb-color-5);\"><strong>formation DiSC<\/strong><\/span><span style=\"font-size: 17px; font-family: 'Open Sans'; font-weight: 400; color: var(--tcb-color-5);\">.<\/span>\n<h2><strong>\u00c9tape 5: Renforcez l'apprentissage \u00e0 myeverythingdisc.com<\/strong><\/h2>\nCreusez plus profond\u00e9ment dans la compr\u00e9hension pratique de DiSC, comment la th\u00e9orie se rapporte \u00e0 votre <strong>gestion quotidienne des relations<\/strong>. Travaillez \u00e0 <strong>am\u00e9liorer les relations<\/strong> \u00e0 l'aide de rapports de comparaison, avec des outils et des ressources puissants et personnalis\u00e9s.\n<p style=\"text-align: justify;\">Avec MyEverythingDiSC, les apprenants acc\u00e8dent \u00e0 leur <strong>profil DiSC<\/strong> \u00e0 tout moment, avec n'importe quel appareil. Comparez votre <strong>style DiSC<\/strong> avec l'un de vos <strong>coll\u00e8gues<\/strong> et explorez les similitudes ou les diff\u00e9rences. En faisant cela, vous en apprenez davantage sur l'impact de votre style DiSC sur <strong>les relations de travail et la productivit\u00e9<\/strong>. Cela approfondit vos comp\u00e9tences, en comprenant et en appliquant la th\u00e9orie derri\u00e8re le test de personnalit\u00e9 Everything <strong>DiSC. Les professionnels de la vente<\/strong> peuvent cr\u00e9er des cartes <strong>Interaction client<\/strong> pour <strong>am\u00e9liorer les relations de vente<\/strong> avec leurs prospects et clients (Everything DiSC Sales). Enfin, tous les apprenants \u00e9tablissent de meilleures <strong>relations de travail<\/strong> en utilisant les <strong>conseils de communication efficaces<\/strong>.<\/p>\n<span style=\"width: 100%;\"><img loading=\"lazy\" decoding=\"async\" title=\"Myeverythingdisc.com\" src=\"\/\/www.disc-partners.com\/wp-content\/uploads\/tips-1.png\" alt=\"\" width=\"497\" height=\"349\" data-id=\"15750\" \/><\/span>\n<h2 style=\"text-align: center;\">Comment pouvons-nous vous aider?<\/h2>","protected":false},"excerpt":{"rendered":"","protected":false},"author":2,"featured_media":0,"parent":51741,"menu_order":3,"comment_status":"closed","ping_status":"closed","template":"","meta":{"footnotes":""},"class_list":["post-16784","page","type-page","status-publish","hentry"],"_links":{"self":[{"href":"https:\/\/disc-partners.com\/fr\/wp-json\/wp\/v2\/pages\/16784","targetHints":{"allow":["GET"]}}],"collection":[{"href":"https:\/\/disc-partners.com\/fr\/wp-json\/wp\/v2\/pages"}],"about":[{"href":"https:\/\/disc-partners.com\/fr\/wp-json\/wp\/v2\/types\/page"}],"author":[{"embeddable":true,"href":"https:\/\/disc-partners.com\/fr\/wp-json\/wp\/v2\/users\/2"}],"replies":[{"embeddable":true,"href":"https:\/\/disc-partners.com\/fr\/wp-json\/wp\/v2\/comments?post=16784"}],"version-history":[{"count":1,"href":"https:\/\/disc-partners.com\/fr\/wp-json\/wp\/v2\/pages\/16784\/revisions"}],"predecessor-version":[{"id":58248,"href":"https:\/\/disc-partners.com\/fr\/wp-json\/wp\/v2\/pages\/16784\/revisions\/58248"}],"up":[{"embeddable":true,"href":"https:\/\/disc-partners.com\/fr\/wp-json\/wp\/v2\/pages\/51741"}],"wp:attachment":[{"href":"https:\/\/disc-partners.com\/fr\/wp-json\/wp\/v2\/media?parent=16784"}],"curies":[{"name":"wp","href":"https:\/\/api.w.org\/{rel}","templated":true}]}}